{"id":797,"date":"2019-11-17T07:07:00","date_gmt":"2019-11-17T10:07:00","guid":{"rendered":"http:\/\/pluginspoint.com\/chariton\/\/?page_id=797"},"modified":"2026-05-04T21:16:47","modified_gmt":"2026-05-05T00:16:47","slug":"quem-somos","status":"publish","type":"page","link":"https:\/\/www.institutosananda.org\/index.php\/quem-somos\/","title":{"rendered":"QUEM SOMOS"},"content":{"rendered":"\t\t<div data-elementor-type=\"wp-page\" data-elementor-id=\"797\" class=\"elementor elementor-797\" data-elementor-post-type=\"page\">\n\t\t\t\t\t\t<section class=\"elementor-section elementor-top-section elementor-element elementor-element-bb59d6e elementor-section-boxed elementor-section-height-default elementor-section-height-default\" data-id=\"bb59d6e\" data-element_type=\"section\" data-settings=\"{&quot;background_background&quot;:&quot;classic&quot;}\">\n\t\t\t\t\t\t<div class=\"elementor-container elementor-column-gap-default\">\n\t\t\t\t\t<div class=\"elementor-column elementor-col-100 elementor-top-column elementor-element elementor-element-f69b58d\" data-id=\"f69b58d\" data-element_type=\"column\">\n\t\t\t<div class=\"elementor-widget-wrap elementor-element-populated\">\n\t\t\t\t\t\t<div class=\"elementor-element elementor-element-ceb2e77 elementor-widget elementor-widget-heading\" data-id=\"ceb2e77\" data-element_type=\"widget\" data-widget_type=\"heading.default\">\n\t\t\t\t<div class=\"elementor-widget-container\">\n\t\t\t<h2 class=\"elementor-heading-title elementor-size-default\">Quem Somos<\/h2>\t\t<\/div>\n\t\t\t\t<\/div>\n\t\t\t\t<div class=\"elementor-element elementor-element-20d9028 elementor-widget elementor-widget-heading\" data-id=\"20d9028\" data-element_type=\"widget\" data-widget_type=\"heading.default\">\n\t\t\t\t<div class=\"elementor-widget-container\">\n\t\t\t<h2 class=\"elementor-heading-title elementor-size-default\">Um movimento que torna o cuidado integral poss\u00edvel para todos.<\/h2>\t\t<\/div>\n\t\t\t\t<\/div>\n\t\t\t\t<div class=\"elementor-element elementor-element-2e1e4db elementor-widget elementor-widget-heading\" data-id=\"2e1e4db\" data-element_type=\"widget\" data-widget_type=\"heading.default\">\n\t\t\t\t<div class=\"elementor-widget-container\">\n\t\t\t<p class=\"elementor-heading-title elementor-size-default\">O Instituto Sananda \u00e9 uma organiza\u00e7\u00e3o privada, sem fins lucrativos e independente, dedicada a tornar o cuidado integral acess\u00edvel a todos.<br>\n\nMais do que um espa\u00e7o de terapias integrativas, somos um movimento de acolhimento, consci\u00eancia e transforma\u00e7\u00e3o humana.<br>\n\nNascemos do prop\u00f3sito de levar cuidado verdadeiro a quem precisa, respeitando o ser humano em sua totalidade, corpo, mente, emo\u00e7\u00f5es e esp\u00edrito.<br>\n\nAcreditamos que o equil\u00edbrio n\u00e3o est\u00e1 apenas na aus\u00eancia de sintomas, mas na presen\u00e7a de consci\u00eancia, responsabilidade, conex\u00e3o e bem-estar.<br>\n\nNosso trabalho \u00e9 sustentado por volunt\u00e1rios comprometidos e por pessoas que acreditam que o cuidado, quando oferecido com presen\u00e7a, respeito e verdade, pode transformar vidas.<br>\n\nAqui, n\u00e3o oferecemos apenas atendimentos.\nOferecemos, escuta, reconex\u00e3o e caminho.<br>\n\nPorque acreditamos que o acesso ao cuidado n\u00e3o deve ser um privil\u00e9gio,\nmas um direito poss\u00edvel para todos.<\/p>\t\t<\/div>\n\t\t\t\t<\/div>\n\t\t\t\t<div class=\"elementor-element elementor-element-190f8a9 elementor-widget elementor-widget-heading\" data-id=\"190f8a9\" data-element_type=\"widget\" data-widget_type=\"heading.default\">\n\t\t\t\t<div class=\"elementor-widget-container\">\n\t\t\t<h2 class=\"elementor-heading-title elementor-size-default\">Nosso Prop\u00f3sito<\/h2>\t\t<\/div>\n\t\t\t\t<\/div>\n\t\t\t\t<div class=\"elementor-element elementor-element-5390ee7 elementor-widget elementor-widget-heading\" data-id=\"5390ee7\" data-element_type=\"widget\" data-widget_type=\"heading.default\">\n\t\t\t\t<div class=\"elementor-widget-container\">\n\t\t\t<h2 class=\"elementor-heading-title elementor-size-default\">Despertar a Cura que Habita em Voc\u00ea.<\/h2>\t\t<\/div>\n\t\t\t\t<\/div>\n\t\t\t\t<div class=\"elementor-element elementor-element-3a65774 elementor-widget elementor-widget-heading\" data-id=\"3a65774\" data-element_type=\"widget\" data-widget_type=\"heading.default\">\n\t\t\t\t<div class=\"elementor-widget-container\">\n\t\t\t<p class=\"elementor-heading-title elementor-size-default\">Despertar em cada pessoa o acesso \u00e0 sua pr\u00f3pria for\u00e7a de transforma\u00e7\u00e3o.<br>\n\nNo Instituto Sananda, compreendemos que o verdadeiro cuidado n\u00e3o vem de fora ele \u00e9 despertado de dentro.<br>\n\nNossa miss\u00e3o \u00e9 oferecer um espa\u00e7o acolhedor, seguro e consciente, onde cada indiv\u00edduo possa se reconectar com sua ess\u00eancia e iniciar sua pr\u00f3pria jornada de equil\u00edbrio e expans\u00e3o.<br>\n\nPor meio das terapias integrativas, como Healing Access, Reiki e Constela\u00e7\u00e3o Familiar, atuamos de forma complementar, auxiliando na harmoniza\u00e7\u00e3o dos aspectos f\u00edsicos, emocionais, mentais e energ\u00e9ticos.<br>\n\nMais do que promover atendimentos gratuitos, promovemos consci\u00eancia, autonomia e responsabilidade sobre o pr\u00f3prio processo.<br>\n\nAcreditamos que cada pessoa possui dentro de si os recursos necess\u00e1rios para transformar sua realidade e que, quando apoiada com presen\u00e7a e cuidado, essa transforma\u00e7\u00e3o se torna poss\u00edvel.<br>\n\nNosso compromisso \u00e9 ampliar o acesso ao cuidado, levando acolhimento, consci\u00eancia e suporte a cada vez mais pessoas, agora em todo o Brasil por meio do atendimento on-line.<br>\n\nSeguimos com o mesmo prop\u00f3sito:\nacolher, apoiar e cuidar de forma gratuita.<\/p>\t\t<\/div>\n\t\t\t\t<\/div>\n\t\t\t\t<div class=\"elementor-element elementor-element-9349f20 elementor-widget elementor-widget-video\" data-id=\"9349f20\" data-element_type=\"widget\" data-settings=\"{&quot;youtube_url&quot;:&quot;https:\\\/\\\/youtu.be\\\/u4n3e-MDyKc&quot;,&quot;video_type&quot;:&quot;youtube&quot;,&quot;controls&quot;:&quot;yes&quot;}\" data-widget_type=\"video.default\">\n\t\t\t\t<div class=\"elementor-widget-container\">\n\t\t\t\t\t<div class=\"elementor-wrapper elementor-open-inline\">\n\t\t\t<div class=\"elementor-video\"><\/div>\t\t<\/div>\n\t\t\t\t<\/div>\n\t\t\t\t<\/div>\n\t\t\t\t\t<\/div>\n\t\t<\/div>\n\t\t\t\t\t<\/div>\n\t\t<\/section>\n\t\t\t\t<section class=\"elementor-section elementor-top-section elementor-element elementor-element-e41e896 elementor-section-boxed elementor-section-height-default elementor-section-height-default\" data-id=\"e41e896\" data-element_type=\"section\" data-settings=\"{&quot;background_background&quot;:&quot;classic&quot;}\">\n\t\t\t\t\t\t<div class=\"elementor-container elementor-column-gap-default\">\n\t\t\t\t\t<div class=\"elementor-column elementor-col-100 elementor-top-column elementor-element elementor-element-1035a9c\" data-id=\"1035a9c\" data-element_type=\"column\">\n\t\t\t<div class=\"elementor-widget-wrap elementor-element-populated\">\n\t\t\t\t\t\t<div class=\"elementor-element elementor-element-77e4891 elementor-widget elementor-widget-text-editor\" data-id=\"77e4891\" data-element_type=\"widget\" data-widget_type=\"text-editor.default\">\n\t\t\t\t<div class=\"elementor-widget-container\">\n\t\t\t\t\t\t\t<p><strong><br \/>Instituto Sananda &#8211; Terapias Integrativas<br \/>Associa\u00e7\u00e3o sem fins lucrativos<br \/><\/strong>E-mail: <strong>institutosananda@gmail.com<\/strong><\/p>\t\t\t\t\t\t<\/div>\n\t\t\t\t<\/div>\n\t\t\t\t\t<\/div>\n\t\t<\/div>\n\t\t\t\t\t<\/div>\n\t\t<\/section>\n\t\t\t\t<section class=\"elementor-section elementor-top-section elementor-element elementor-element-830e5f5 elementor-section-boxed elementor-section-height-default elementor-section-height-default\" data-id=\"830e5f5\" data-element_type=\"section\">\n\t\t\t\t\t\t<div class=\"elementor-container elementor-column-gap-default\">\n\t\t\t\t\t<div class=\"elementor-column elementor-col-100 elementor-top-column elementor-element elementor-element-1d37daf\" data-id=\"1d37daf\" data-element_type=\"column\">\n\t\t\t<div class=\"elementor-widget-wrap\">\n\t\t\t\t\t\t\t<\/div>\n\t\t<\/div>\n\t\t\t\t\t<\/div>\n\t\t<\/section>\n\t\t\t\t<\/div>\n\t\t","protected":false},"excerpt":{"rendered":"<p>Quem Somos Um movimento que torna o cuidado integral poss\u00edvel para todos. O Instituto Sananda \u00e9 uma organiza\u00e7\u00e3o privada, sem fins lucrativos e independente, dedicada a tornar o cuidado integral acess\u00edvel a todos. Mais do que um espa\u00e7o de terapias integrativas, somos um movimento de acolhimento, consci\u00eancia e transforma\u00e7\u00e3o humana. Nascemos do prop\u00f3sito de levar [&hellip;]<\/p>\n","protected":false},"author":1,"featured_media":0,"parent":0,"menu_order":0,"comment_status":"closed","ping_status":"closed","template":"elementor_header_footer","meta":{"footnotes":""},"class_list":["post-797","page","type-page","status-publish","hentry"],"_links":{"self":[{"href":"https:\/\/www.institutosananda.org\/index.php\/wp-json\/wp\/v2\/pages\/797","targetHints":{"allow":["GET"]}}],"collection":[{"href":"https:\/\/www.institutosananda.org\/index.php\/wp-json\/wp\/v2\/pages"}],"about":[{"href":"https:\/\/www.institutosananda.org\/index.php\/wp-json\/wp\/v2\/types\/page"}],"author":[{"embeddable":true,"href":"https:\/\/www.institutosananda.org\/index.php\/wp-json\/wp\/v2\/users\/1"}],"replies":[{"embeddable":true,"href":"https:\/\/www.institutosananda.org\/index.php\/wp-json\/wp\/v2\/comments?post=797"}],"version-history":[{"count":168,"href":"https:\/\/www.institutosananda.org\/index.php\/wp-json\/wp\/v2\/pages\/797\/revisions"}],"predecessor-version":[{"id":16624,"href":"https:\/\/www.institutosananda.org\/index.php\/wp-json\/wp\/v2\/pages\/797\/revisions\/16624"}],"wp:attachment":[{"href":"https:\/\/www.institutosananda.org\/index.php\/wp-json\/wp\/v2\/media?parent=797"}],"curies":[{"name":"wp","href":"https:\/\/api.w.org\/{rel}","templated":true}]}}