{"id":53,"date":"2019-10-30T10:56:50","date_gmt":"2019-10-30T10:56:50","guid":{"rendered":"http:\/\/pluginspoint.com\/chariton\/\/?page_id=53"},"modified":"2026-04-29T22:52:28","modified_gmt":"2026-04-30T01:52:28","slug":"home-2","status":"publish","type":"page","link":"https:\/\/www.institutosananda.org\/","title":{"rendered":"Home 2"},"content":{"rendered":"\t\t<div data-elementor-type=\"wp-page\" data-elementor-id=\"53\" class=\"elementor elementor-53\" data-elementor-post-type=\"page\">\n\t\t\t\t\t\t<section class=\"elementor-section elementor-top-section elementor-element elementor-element-6114ee3 elementor-section-boxed elementor-section-height-default elementor-section-height-default\" data-id=\"6114ee3\" data-element_type=\"section\" data-settings=\"{&quot;background_background&quot;:&quot;classic&quot;}\">\n\t\t\t\t\t\t<div class=\"elementor-container elementor-column-gap-default\">\n\t\t\t\t\t<div class=\"elementor-column elementor-col-100 elementor-top-column elementor-element elementor-element-a2e8282\" data-id=\"a2e8282\" data-element_type=\"column\">\n\t\t\t<div class=\"elementor-widget-wrap elementor-element-populated\">\n\t\t\t\t\t\t<div class=\"elementor-element elementor-element-b2dc5d0 elementor-widget elementor-widget-image\" data-id=\"b2dc5d0\" data-element_type=\"widget\" data-widget_type=\"image.default\">\n\t\t\t\t<div class=\"elementor-widget-container\">\n\t\t\t\t\t\t\t\t\t\t\t\t\t<img fetchpriority=\"high\" decoding=\"async\" width=\"1024\" height=\"506\" src=\"https:\/\/www.institutosananda.org\/wp-content\/uploads\/2026\/04\/Imagem-da-pagina-principal-do-site-1024x506.jpg\" class=\"attachment-large size-large wp-image-15739\" alt=\"\" srcset=\"https:\/\/www.institutosananda.org\/wp-content\/uploads\/2026\/04\/Imagem-da-pagina-principal-do-site-1024x506.jpg 1024w, https:\/\/www.institutosananda.org\/wp-content\/uploads\/2026\/04\/Imagem-da-pagina-principal-do-site-300x148.jpg 300w, https:\/\/www.institutosananda.org\/wp-content\/uploads\/2026\/04\/Imagem-da-pagina-principal-do-site-768x380.jpg 768w, https:\/\/www.institutosananda.org\/wp-content\/uploads\/2026\/04\/Imagem-da-pagina-principal-do-site-80x40.jpg 80w, https:\/\/www.institutosananda.org\/wp-content\/uploads\/2026\/04\/Imagem-da-pagina-principal-do-site.jpg 1200w\" sizes=\"(max-width: 1024px) 100vw, 1024px\" \/>\t\t\t\t\t\t\t\t\t\t\t\t\t<\/div>\n\t\t\t\t<\/div>\n\t\t\t\t\t<\/div>\n\t\t<\/div>\n\t\t\t\t\t<\/div>\n\t\t<\/section>\n\t\t\t\t<section class=\"elementor-section elementor-top-section elementor-element elementor-element-5f3fc6e elementor-section-boxed elementor-section-height-default elementor-section-height-default\" data-id=\"5f3fc6e\" data-element_type=\"section\" data-settings=\"{&quot;background_background&quot;:&quot;classic&quot;}\">\n\t\t\t\t\t\t<div class=\"elementor-container elementor-column-gap-default\">\n\t\t\t\t\t<div class=\"elementor-column elementor-col-33 elementor-top-column elementor-element elementor-element-6165ace\" data-id=\"6165ace\" data-element_type=\"column\">\n\t\t\t<div class=\"elementor-widget-wrap elementor-element-populated\">\n\t\t\t\t\t\t<div class=\"elementor-element elementor-element-79dcbd0 animated-fast elementor-position-top elementor-invisible elementor-widget elementor-widget-image-box\" data-id=\"79dcbd0\" data-element_type=\"widget\" data-settings=\"{&quot;_animation&quot;:&quot;zoomIn&quot;,&quot;_animation_delay&quot;:500}\" data-widget_type=\"image-box.default\">\n\t\t\t\t<div class=\"elementor-widget-container\">\n\t\t\t<div class=\"elementor-image-box-wrapper\"><figure class=\"elementor-image-box-img\"><a href=\"https:\/\/www.institutosananda.org\/index.php\/atendimento-healing-access\/\" tabindex=\"-1\"><img decoding=\"async\" width=\"700\" height=\"467\" src=\"https:\/\/www.institutosananda.org\/wp-content\/uploads\/2026\/04\/Terapia-Healing-Access.jpg\" class=\"elementor-animation-shrink attachment-full size-full wp-image-15264\" alt=\"\" srcset=\"https:\/\/www.institutosananda.org\/wp-content\/uploads\/2026\/04\/Terapia-Healing-Access.jpg 700w, https:\/\/www.institutosananda.org\/wp-content\/uploads\/2026\/04\/Terapia-Healing-Access-300x200.jpg 300w, https:\/\/www.institutosananda.org\/wp-content\/uploads\/2026\/04\/Terapia-Healing-Access-80x53.jpg 80w\" sizes=\"(max-width: 700px) 100vw, 700px\" \/><\/a><\/figure><div class=\"elementor-image-box-content\"><h3 class=\"elementor-image-box-title\"><a href=\"https:\/\/www.institutosananda.org\/index.php\/atendimento-healing-access\/\">Healing Access<\/a><\/h3><p class=\"elementor-image-box-description\">O HEALING ACCESS atua no campo sutil, auxiliando na libera\u00e7\u00e3o de bloqueios, traumas e padr\u00f5es emocionais profundos, fortalecendo seu centro de for\u00e7a e consci\u00eancia.<\/p><\/div><\/div>\t\t<\/div>\n\t\t\t\t<\/div>\n\t\t\t\t\t<\/div>\n\t\t<\/div>\n\t\t\t\t<div class=\"elementor-column elementor-col-33 elementor-top-column elementor-element elementor-element-05d9ba1\" data-id=\"05d9ba1\" data-element_type=\"column\">\n\t\t\t<div class=\"elementor-widget-wrap elementor-element-populated\">\n\t\t\t\t\t\t<div class=\"elementor-element elementor-element-38e3774 animated-fast elementor-position-top elementor-invisible elementor-widget elementor-widget-image-box\" data-id=\"38e3774\" data-element_type=\"widget\" data-settings=\"{&quot;_animation&quot;:&quot;zoomIn&quot;,&quot;_animation_delay&quot;:500}\" data-widget_type=\"image-box.default\">\n\t\t\t\t<div class=\"elementor-widget-container\">\n\t\t\t<div class=\"elementor-image-box-wrapper\"><figure class=\"elementor-image-box-img\"><a href=\"https:\/\/www.institutosananda.org\/index.php\/atendimento-reiki\/\" tabindex=\"-1\"><img decoding=\"async\" width=\"700\" height=\"467\" src=\"https:\/\/www.institutosananda.org\/wp-content\/uploads\/2026\/04\/Terapia-Reiki-1.jpg\" class=\"elementor-animation-shrink attachment-full size-full wp-image-15271\" alt=\"\" srcset=\"https:\/\/www.institutosananda.org\/wp-content\/uploads\/2026\/04\/Terapia-Reiki-1.jpg 700w, https:\/\/www.institutosananda.org\/wp-content\/uploads\/2026\/04\/Terapia-Reiki-1-300x200.jpg 300w, https:\/\/www.institutosananda.org\/wp-content\/uploads\/2026\/04\/Terapia-Reiki-1-80x53.jpg 80w\" sizes=\"(max-width: 700px) 100vw, 700px\" \/><\/a><\/figure><div class=\"elementor-image-box-content\"><h3 class=\"elementor-image-box-title\"><a href=\"https:\/\/www.institutosananda.org\/index.php\/atendimento-reiki\/\">Reiki<\/a><\/h3><p class=\"elementor-image-box-description\">O REIKI promove equil\u00edbrio energ\u00e9tico, relaxamento e harmoniza\u00e7\u00e3o do corpo e da mente, contribuindo para o bem-estar  e auxiliando na redu\u00e7\u00e3o do estresse.<\/p><\/div><\/div>\t\t<\/div>\n\t\t\t\t<\/div>\n\t\t\t\t\t<\/div>\n\t\t<\/div>\n\t\t\t\t<div class=\"elementor-column elementor-col-33 elementor-top-column elementor-element elementor-element-cc05fda\" data-id=\"cc05fda\" data-element_type=\"column\">\n\t\t\t<div class=\"elementor-widget-wrap elementor-element-populated\">\n\t\t\t\t\t\t<div class=\"elementor-element elementor-element-2c0d9da animated-fast elementor-position-top elementor-invisible elementor-widget elementor-widget-image-box\" data-id=\"2c0d9da\" data-element_type=\"widget\" data-settings=\"{&quot;_animation&quot;:&quot;zoomIn&quot;,&quot;_animation_delay&quot;:500}\" data-widget_type=\"image-box.default\">\n\t\t\t\t<div class=\"elementor-widget-container\">\n\t\t\t<div class=\"elementor-image-box-wrapper\"><figure class=\"elementor-image-box-img\"><a href=\"https:\/\/www.institutosananda.org\/index.php\/atendimento-constelacao-familiar\/\" tabindex=\"-1\"><img loading=\"lazy\" decoding=\"async\" width=\"700\" height=\"467\" src=\"https:\/\/www.institutosananda.org\/wp-content\/uploads\/2026\/04\/Terapia-Constelacao-Familiar.jpg\" class=\"elementor-animation-shrink attachment-full size-full wp-image-15260\" alt=\"\" srcset=\"https:\/\/www.institutosananda.org\/wp-content\/uploads\/2026\/04\/Terapia-Constelacao-Familiar.jpg 700w, https:\/\/www.institutosananda.org\/wp-content\/uploads\/2026\/04\/Terapia-Constelacao-Familiar-300x200.jpg 300w, https:\/\/www.institutosananda.org\/wp-content\/uploads\/2026\/04\/Terapia-Constelacao-Familiar-80x53.jpg 80w\" sizes=\"(max-width: 700px) 100vw, 700px\" \/><\/a><\/figure><div class=\"elementor-image-box-content\"><h3 class=\"elementor-image-box-title\"><a href=\"https:\/\/www.institutosananda.org\/index.php\/atendimento-constelacao-familiar\/\">Constela\u00e7\u00e3o Familiar<\/a><\/h3><p class=\"elementor-image-box-description\">A CONSTE\u00c7\u00c3O FAMILIAR Individual permite acessar din\u00e2micas inconscientes e padr\u00f5es familiares, trazendo novos olhares e possibilidades de resolu\u00e7\u00e3o interna.<\/p><\/div><\/div>\t\t<\/div>\n\t\t\t\t<\/div>\n\t\t\t\t\t<\/div>\n\t\t<\/div>\n\t\t\t\t\t<\/div>\n\t\t<\/section>\n\t\t\t\t<section class=\"elementor-section elementor-top-section elementor-element elementor-element-eb67cdf elementor-section-boxed elementor-section-height-default elementor-section-height-default\" data-id=\"eb67cdf\" data-element_type=\"section\" data-settings=\"{&quot;background_background&quot;:&quot;classic&quot;}\">\n\t\t\t\t\t\t<div class=\"elementor-container elementor-column-gap-default\">\n\t\t\t\t\t<div class=\"elementor-column elementor-col-100 elementor-top-column elementor-element elementor-element-c2d1dc0\" data-id=\"c2d1dc0\" data-element_type=\"column\">\n\t\t\t<div class=\"elementor-widget-wrap elementor-element-populated\">\n\t\t\t\t\t\t<div class=\"elementor-element elementor-element-09f69a9 elementor-widget elementor-widget-image\" data-id=\"09f69a9\" data-element_type=\"widget\" data-widget_type=\"image.default\">\n\t\t\t\t<div class=\"elementor-widget-container\">\n\t\t\t\t\t\t\t\t\t\t\t\t\t<img loading=\"lazy\" decoding=\"async\" width=\"800\" height=\"252\" src=\"https:\/\/www.institutosananda.org\/wp-content\/uploads\/2026\/04\/Conheca-nossos-cursos-1.png\" class=\"attachment-large size-large wp-image-15847\" alt=\"\" srcset=\"https:\/\/www.institutosananda.org\/wp-content\/uploads\/2026\/04\/Conheca-nossos-cursos-1.png 800w, https:\/\/www.institutosananda.org\/wp-content\/uploads\/2026\/04\/Conheca-nossos-cursos-1-300x95.png 300w, https:\/\/www.institutosananda.org\/wp-content\/uploads\/2026\/04\/Conheca-nossos-cursos-1-768x242.png 768w, https:\/\/www.institutosananda.org\/wp-content\/uploads\/2026\/04\/Conheca-nossos-cursos-1-80x25.png 80w\" sizes=\"(max-width: 800px) 100vw, 800px\" \/>\t\t\t\t\t\t\t\t\t\t\t\t\t<\/div>\n\t\t\t\t<\/div>\n\t\t\t\t\t<\/div>\n\t\t<\/div>\n\t\t\t\t\t<\/div>\n\t\t<\/section>\n\t\t\t\t<section class=\"elementor-section elementor-top-section elementor-element elementor-element-6b9300f elementor-section-boxed elementor-section-height-default elementor-section-height-default\" data-id=\"6b9300f\" data-element_type=\"section\" data-settings=\"{&quot;background_background&quot;:&quot;classic&quot;}\">\n\t\t\t\t\t\t<div class=\"elementor-container elementor-column-gap-default\">\n\t\t\t\t\t<div class=\"elementor-column elementor-col-33 elementor-top-column elementor-element elementor-element-cb2dcb8\" data-id=\"cb2dcb8\" data-element_type=\"column\">\n\t\t\t<div class=\"elementor-widget-wrap elementor-element-populated\">\n\t\t\t\t\t\t<div class=\"elementor-element elementor-element-0e09554 animated-fast elementor-position-top elementor-invisible elementor-widget elementor-widget-image-box\" data-id=\"0e09554\" data-element_type=\"widget\" data-settings=\"{&quot;_animation&quot;:&quot;zoomIn&quot;,&quot;_animation_delay&quot;:500}\" data-widget_type=\"image-box.default\">\n\t\t\t\t<div class=\"elementor-widget-container\">\n\t\t\t<div class=\"elementor-image-box-wrapper\"><figure class=\"elementor-image-box-img\"><a href=\"https:\/\/www.institutosananda.org\/index.php\/curso-de-healing-access\/\" tabindex=\"-1\"><img loading=\"lazy\" decoding=\"async\" width=\"1280\" height=\"720\" src=\"https:\/\/www.institutosananda.org\/wp-content\/uploads\/2025\/12\/Curso-Healing-Access.webp\" class=\"elementor-animation-shrink attachment-full size-full wp-image-14462\" alt=\"\" srcset=\"https:\/\/www.institutosananda.org\/wp-content\/uploads\/2025\/12\/Curso-Healing-Access.webp 1280w, https:\/\/www.institutosananda.org\/wp-content\/uploads\/2025\/12\/Curso-Healing-Access-300x169.webp 300w, https:\/\/www.institutosananda.org\/wp-content\/uploads\/2025\/12\/Curso-Healing-Access-1024x576.webp 1024w, https:\/\/www.institutosananda.org\/wp-content\/uploads\/2025\/12\/Curso-Healing-Access-768x432.webp 768w, https:\/\/www.institutosananda.org\/wp-content\/uploads\/2025\/12\/Curso-Healing-Access-80x45.webp 80w\" sizes=\"(max-width: 1280px) 100vw, 1280px\" \/><\/a><\/figure><div class=\"elementor-image-box-content\"><h3 class=\"elementor-image-box-title\"><a href=\"https:\/\/www.institutosananda.org\/index.php\/curso-de-healing-access\/\">Forma\u00e7\u00e3o em Healing Access<\/a><\/h3><p class=\"elementor-image-box-description\">O Healing Access foi criado para terapeutas, facilitadores e buscadores conscientes que desejam ir al\u00e9m.\n\u00c9 um caminho para quem sente que suas pr\u00e1ticas podem se aprofundar, ampliando a percep\u00e7\u00e3o, a presen\u00e7a e a consci\u00eancia no atendimento e na pr\u00f3pria jornada.<\/p><\/div><\/div>\t\t<\/div>\n\t\t\t\t<\/div>\n\t\t\t\t\t<\/div>\n\t\t<\/div>\n\t\t\t\t<div class=\"elementor-column elementor-col-33 elementor-top-column elementor-element elementor-element-06d8c6f\" data-id=\"06d8c6f\" data-element_type=\"column\">\n\t\t\t<div class=\"elementor-widget-wrap elementor-element-populated\">\n\t\t\t\t\t\t<div class=\"elementor-element elementor-element-9eaf380 animated-fast elementor-position-top elementor-invisible elementor-widget elementor-widget-image-box\" data-id=\"9eaf380\" data-element_type=\"widget\" data-settings=\"{&quot;_animation&quot;:&quot;zoomIn&quot;,&quot;_animation_delay&quot;:500}\" data-widget_type=\"image-box.default\">\n\t\t\t\t<div class=\"elementor-widget-container\">\n\t\t\t<div class=\"elementor-image-box-wrapper\"><figure class=\"elementor-image-box-img\"><a href=\"https:\/\/www.institutosananda.org\/index.php\/quem-somos\/\" tabindex=\"-1\"><img loading=\"lazy\" decoding=\"async\" width=\"1280\" height=\"720\" src=\"https:\/\/www.institutosananda.org\/wp-content\/uploads\/2025\/12\/Conheca-o-Instituto-Sananda.jpg\" class=\"elementor-animation-shrink attachment-full size-full wp-image-14444\" alt=\"\" srcset=\"https:\/\/www.institutosananda.org\/wp-content\/uploads\/2025\/12\/Conheca-o-Instituto-Sananda.jpg 1280w, https:\/\/www.institutosananda.org\/wp-content\/uploads\/2025\/12\/Conheca-o-Instituto-Sananda-300x169.jpg 300w, https:\/\/www.institutosananda.org\/wp-content\/uploads\/2025\/12\/Conheca-o-Instituto-Sananda-1024x576.jpg 1024w, https:\/\/www.institutosananda.org\/wp-content\/uploads\/2025\/12\/Conheca-o-Instituto-Sananda-768x432.jpg 768w, https:\/\/www.institutosananda.org\/wp-content\/uploads\/2025\/12\/Conheca-o-Instituto-Sananda-80x45.jpg 80w\" sizes=\"(max-width: 1280px) 100vw, 1280px\" \/><\/a><\/figure><div class=\"elementor-image-box-content\"><h3 class=\"elementor-image-box-title\"><a href=\"https:\/\/www.institutosananda.org\/index.php\/quem-somos\/\">Quem Somos<\/a><\/h3><p class=\"elementor-image-box-description\">N\u00e3o acredita que um lugar assim exista?   \nAgende um atendimento e descubra por si mesmo! <\/p><\/div><\/div>\t\t<\/div>\n\t\t\t\t<\/div>\n\t\t\t\t\t<\/div>\n\t\t<\/div>\n\t\t\t\t<div class=\"elementor-column elementor-col-33 elementor-top-column elementor-element elementor-element-801d178\" data-id=\"801d178\" data-element_type=\"column\">\n\t\t\t<div class=\"elementor-widget-wrap elementor-element-populated\">\n\t\t\t\t\t\t<div class=\"elementor-element elementor-element-249a349 animated-fast elementor-position-top elementor-invisible elementor-widget elementor-widget-image-box\" data-id=\"249a349\" data-element_type=\"widget\" data-settings=\"{&quot;_animation&quot;:&quot;zoomIn&quot;,&quot;_animation_delay&quot;:500}\" data-widget_type=\"image-box.default\">\n\t\t\t\t<div class=\"elementor-widget-container\">\n\t\t\t<div class=\"elementor-image-box-wrapper\"><figure class=\"elementor-image-box-img\"><a href=\"https:\/\/www.institutosananda.org\/index.php\/curso-de-reiki\/\" tabindex=\"-1\"><img loading=\"lazy\" decoding=\"async\" width=\"1280\" height=\"720\" src=\"https:\/\/www.institutosananda.org\/wp-content\/uploads\/2025\/12\/Curso-Reiki.jpg\" class=\"elementor-animation-shrink attachment-full size-full wp-image-14463\" alt=\"\" srcset=\"https:\/\/www.institutosananda.org\/wp-content\/uploads\/2025\/12\/Curso-Reiki.jpg 1280w, https:\/\/www.institutosananda.org\/wp-content\/uploads\/2025\/12\/Curso-Reiki-300x169.jpg 300w, https:\/\/www.institutosananda.org\/wp-content\/uploads\/2025\/12\/Curso-Reiki-1024x576.jpg 1024w, https:\/\/www.institutosananda.org\/wp-content\/uploads\/2025\/12\/Curso-Reiki-768x432.jpg 768w, https:\/\/www.institutosananda.org\/wp-content\/uploads\/2025\/12\/Curso-Reiki-80x45.jpg 80w\" sizes=\"(max-width: 1280px) 100vw, 1280px\" \/><\/a><\/figure><div class=\"elementor-image-box-content\"><h3 class=\"elementor-image-box-title\"><a href=\"https:\/\/www.institutosananda.org\/index.php\/curso-de-reiki\/\">Forma\u00e7\u00e3o em Reiki<\/a><\/h3><p class=\"elementor-image-box-description\">O Reiki \u00e9 energia viva, e energia n\u00e3o se compreende apenas com palavras, mas com a experi\u00eancia.\nEm nosso curso, voc\u00ea aprende atrav\u00e9s do sentir: cada toque, cada sil\u00eancio e cada respira\u00e7\u00e3o fazem parte de um processo real de conex\u00e3o, presen\u00e7a e expans\u00e3o da consci\u00eancia.<\/p><\/div><\/div>\t\t<\/div>\n\t\t\t\t<\/div>\n\t\t\t\t\t<\/div>\n\t\t<\/div>\n\t\t\t\t\t<\/div>\n\t\t<\/section>\n\t\t\t\t<section class=\"elementor-section elementor-top-section elementor-element elementor-element-f7d69bc elementor-section-boxed elementor-section-height-default elementor-section-height-default\" data-id=\"f7d69bc\" data-element_type=\"section\" data-settings=\"{&quot;background_background&quot;:&quot;classic&quot;}\">\n\t\t\t\t\t\t<div class=\"elementor-container elementor-column-gap-default\">\n\t\t\t\t\t<div class=\"elementor-column elementor-col-100 elementor-top-column elementor-element elementor-element-cfc0858\" data-id=\"cfc0858\" data-element_type=\"column\">\n\t\t\t<div class=\"elementor-widget-wrap elementor-element-populated\">\n\t\t\t\t\t\t<div class=\"elementor-element elementor-element-23ff151 elementor-widget elementor-widget-text-editor\" data-id=\"23ff151\" data-element_type=\"widget\" data-widget_type=\"text-editor.default\">\n\t\t\t\t<div class=\"elementor-widget-container\">\n\t\t\t\t\t\t\t<p>\u00a0<\/p><p><strong>Instituto Sananda &#8211; Terapias Integrativas<br \/>Associa\u00e7\u00e3o civil sem fins lucrativos<\/strong><br \/>E-mail: <strong>institutosananda@gmail.com<\/strong><strong><br \/><\/strong><\/p>\t\t\t\t\t\t<\/div>\n\t\t\t\t<\/div>\n\t\t\t\t\t<\/div>\n\t\t<\/div>\n\t\t\t\t\t<\/div>\n\t\t<\/section>\n\t\t\t\t<\/div>\n\t\t","protected":false},"excerpt":{"rendered":"<p>Healing Access O HEALING ACCESS atua no campo sutil, auxiliando na libera\u00e7\u00e3o de bloqueios, traumas e padr\u00f5es emocionais profundos, fortalecendo seu centro de for\u00e7a e consci\u00eancia. Reiki O REIKI promove equil\u00edbrio energ\u00e9tico, relaxamento e harmoniza\u00e7\u00e3o do corpo e da mente, contribuindo para o bem-estar e auxiliando na redu\u00e7\u00e3o do estresse. Constela\u00e7\u00e3o Familiar A CONSTE\u00c7\u00c3O FAMILIAR [&hellip;]<\/p>\n","protected":false},"author":1,"featured_media":0,"parent":0,"menu_order":0,"comment_status":"closed","ping_status":"closed","template":"elementor_header_footer","meta":{"footnotes":""},"class_list":["post-53","page","type-page","status-publish","hentry"],"_links":{"self":[{"href":"https:\/\/www.institutosananda.org\/index.php\/wp-json\/wp\/v2\/pages\/53","targetHints":{"allow":["GET"]}}],"collection":[{"href":"https:\/\/www.institutosananda.org\/index.php\/wp-json\/wp\/v2\/pages"}],"about":[{"href":"https:\/\/www.institutosananda.org\/index.php\/wp-json\/wp\/v2\/types\/page"}],"author":[{"embeddable":true,"href":"https:\/\/www.institutosananda.org\/index.php\/wp-json\/wp\/v2\/users\/1"}],"replies":[{"embeddable":true,"href":"https:\/\/www.institutosananda.org\/index.php\/wp-json\/wp\/v2\/comments?post=53"}],"version-history":[{"count":2027,"href":"https:\/\/www.institutosananda.org\/index.php\/wp-json\/wp\/v2\/pages\/53\/revisions"}],"predecessor-version":[{"id":15943,"href":"https:\/\/www.institutosananda.org\/index.php\/wp-json\/wp\/v2\/pages\/53\/revisions\/15943"}],"wp:attachment":[{"href":"https:\/\/www.institutosananda.org\/index.php\/wp-json\/wp\/v2\/media?parent=53"}],"curies":[{"name":"wp","href":"https:\/\/api.w.org\/{rel}","templated":true}]}}