{"id":15063,"date":"2026-04-12T13:16:41","date_gmt":"2026-04-12T16:16:41","guid":{"rendered":"https:\/\/www.institutosananda.org\/?page_id=15063"},"modified":"2026-04-19T12:10:25","modified_gmt":"2026-04-19T15:10:25","slug":"duvidas-sobre-o-sistema-de-agendamento","status":"publish","type":"page","link":"https:\/\/www.institutosananda.org\/index.php\/duvidas-sobre-o-sistema-de-agendamento\/","title":{"rendered":"D\u00daVIDAS  SOBRE O SISTEMA DE AGENDAMENTO"},"content":{"rendered":"\t\t<div data-elementor-type=\"wp-page\" data-elementor-id=\"15063\" class=\"elementor elementor-15063\" data-elementor-post-type=\"page\">\n\t\t\t\t\t\t<section class=\"elementor-section elementor-top-section elementor-element elementor-element-bb59d6e elementor-section-boxed elementor-section-height-default elementor-section-height-default\" data-id=\"bb59d6e\" data-element_type=\"section\" data-settings=\"{&quot;background_background&quot;:&quot;classic&quot;}\">\n\t\t\t\t\t\t<div class=\"elementor-container elementor-column-gap-default\">\n\t\t\t\t\t<div class=\"elementor-column elementor-col-100 elementor-top-column elementor-element elementor-element-f69b58d\" data-id=\"f69b58d\" data-element_type=\"column\">\n\t\t\t<div class=\"elementor-widget-wrap\">\n\t\t\t\t\t\t\t<\/div>\n\t\t<\/div>\n\t\t\t\t\t<\/div>\n\t\t<\/section>\n\t\t\t\t<section class=\"elementor-section elementor-top-section elementor-element elementor-element-9ebaefb elementor-section-boxed elementor-section-height-default elementor-section-height-default\" data-id=\"9ebaefb\" data-element_type=\"section\" data-settings=\"{&quot;background_background&quot;:&quot;classic&quot;}\">\n\t\t\t\t\t\t<div class=\"elementor-container elementor-column-gap-default\">\n\t\t\t\t\t<div class=\"elementor-column elementor-col-100 elementor-top-column elementor-element elementor-element-7cc7a50\" data-id=\"7cc7a50\" data-element_type=\"column\">\n\t\t\t<div class=\"elementor-widget-wrap elementor-element-populated\">\n\t\t\t\t\t\t<div class=\"elementor-element elementor-element-711f232 elementor-widget elementor-widget-heading\" data-id=\"711f232\" data-element_type=\"widget\" data-widget_type=\"heading.default\">\n\t\t\t\t<div class=\"elementor-widget-container\">\n\t\t\t<h2 class=\"elementor-heading-title elementor-size-default\">D\u00favidas e Informa\u00e7\u00f5es <\/h2>\t\t<\/div>\n\t\t\t\t<\/div>\n\t\t\t\t<div class=\"elementor-element elementor-element-3acbaeb elementor-widget elementor-widget-heading\" data-id=\"3acbaeb\" data-element_type=\"widget\" data-widget_type=\"heading.default\">\n\t\t\t\t<div class=\"elementor-widget-container\">\n\t\t\t<h2 class=\"elementor-heading-title elementor-size-default\">Este canal \u00e9 exclusivo para assuntos e d\u00favidas relacionados ao agendamento.<\/h2>\t\t<\/div>\n\t\t\t\t<\/div>\n\t\t\t\t\t<\/div>\n\t\t<\/div>\n\t\t\t\t\t<\/div>\n\t\t<\/section>\n\t\t\t\t<section class=\"elementor-section elementor-top-section elementor-element elementor-element-84fdd4f elementor-section-boxed elementor-section-height-default elementor-section-height-default\" data-id=\"84fdd4f\" data-element_type=\"section\" data-settings=\"{&quot;background_background&quot;:&quot;classic&quot;}\">\n\t\t\t\t\t\t<div class=\"elementor-container elementor-column-gap-default\">\n\t\t\t\t\t<div class=\"elementor-column elementor-col-100 elementor-top-column elementor-element elementor-element-5998492\" data-id=\"5998492\" data-element_type=\"column\">\n\t\t\t<div class=\"elementor-widget-wrap elementor-element-populated\">\n\t\t\t\t\t\t<div class=\"elementor-element elementor-element-3feb85c elementor-widget elementor-widget-shortcode\" data-id=\"3feb85c\" data-element_type=\"widget\" data-widget_type=\"shortcode.default\">\n\t\t\t\t<div class=\"elementor-widget-container\">\n\t\t\t\t\t<div class=\"elementor-shortcode\"><div role=\"form\" class=\"wpcf7\" id=\"wpcf7-f14706-o1\" lang=\"en-US\" dir=\"ltr\">\n<div class=\"screen-reader-response\"><p role=\"status\" aria-live=\"polite\" aria-atomic=\"true\"><\/p> <ul><\/ul><\/div>\n<form action=\"\/index.php\/wp-json\/wp\/v2\/pages\/15063#wpcf7-f14706-o1\" method=\"post\" class=\"wpcf7-form init\" novalidate=\"novalidate\" data-status=\"init\">\n<div style=\"display: none;\">\n<input type=\"hidden\" name=\"_wpcf7\" value=\"14706\" \/>\n<input type=\"hidden\" name=\"_wpcf7_version\" value=\"5.4.2\" \/>\n<input type=\"hidden\" name=\"_wpcf7_locale\" value=\"en_US\" \/>\n<input type=\"hidden\" name=\"_wpcf7_unit_tag\" value=\"wpcf7-f14706-o1\" \/>\n<input type=\"hidden\" name=\"_wpcf7_container_post\" value=\"0\" \/>\n<input type=\"hidden\" name=\"_wpcf7_posted_data_hash\" value=\"\" \/>\n<input type=\"hidden\" name=\"_wpcf7_recaptcha_response\" value=\"\" \/>\n<\/div>\n<div class=\"contact-form-wrap\">\n<div class=\"row\">\n<div class=\"col-md-12\"><label>Nome completo<span class=\"wpcf7-form-control-wrap seu-nome\"><input type=\"text\" name=\"seu-nome\" value=\"\" size=\"40\" class=\"wpcf7-form-control wpcf7-text wpcf7-validates-as-required\" aria-required=\"true\" aria-invalid=\"false\" \/><\/span><\/label><\/div>\n<div class=\"col-md-6\"><label>E-mail<span class=\"wpcf7-form-control-wrap seu-email\"><input type=\"email\" name=\"seu-email\" value=\"\" size=\"40\" class=\"wpcf7-form-control wpcf7-text wpcf7-email wpcf7-validates-as-required wpcf7-validates-as-email\" aria-required=\"true\" aria-invalid=\"false\" \/><\/span><\/label><\/div>\n<div class=\"col-md-6\"><label>Confirme seu E-mail<span class=\"wpcf7-form-control-wrap seu-email-confirm\"><input type=\"email\" name=\"seu-email-confirm\" value=\"\" size=\"40\" class=\"wpcf7-form-control wpcf7-text wpcf7-email wpcf7-validates-as-required wpcf7-validates-as-email\" aria-required=\"true\" aria-invalid=\"false\" \/><\/span><\/label><\/div>\n<div class=\"col-md-12\"><span class=\"wpcf7-form-control-wrap your-message\"><textarea name=\"your-message\" cols=\"40\" rows=\"10\" class=\"wpcf7-form-control wpcf7-textarea wpcf7-validates-as-required\" aria-required=\"true\" aria-invalid=\"false\" placeholder=\"Digite aqui sua mensagem\"><\/textarea><\/span><\/div>\n<div class=\"col-md-12\">\n\n<\/div>\n<div class=\"col-md-12\"><button class=\"btn\">Enviar agora!<\/button><\/div>\n<\/div>\n<\/div>\n<p><script>\ndocument.addEventListener( 'wpcf7submit', function( event ) {if(event.detail.status == 'mail_sent'){alert('Sua mensagem foi enviada com sucesso!');}else{alert('ERRO! Ocorreram erros durante sua inscri\u00e7\u00e3o. Verifique as mensagens exibidas e tente novamente.')};setTimeout(function() {jQuery(\".contact-form-wrap .btn\").prop(\"disabled\", false).html(\"Enviar agora!\");}, 4000);}, false );jQuery('form.wpcf7-form').on('submit',function() {jQuery(\".contact-form-wrap .btn\").prop(\"disabled\", true).html(\"<img decoding='async' src='https:\/\/www.institutosananda.org\/wp-content\/uploads\/2022\/01\/loading-formulario.gif' width='20' \/> Por favor aguarde...\");});\n<\/script><\/p>\n<div class=\"wpcf7-response-output\" aria-hidden=\"true\"><\/div><\/form><\/div><\/div>\n\t\t\t\t<\/div>\n\t\t\t\t<\/div>\n\t\t\t\t\t<\/div>\n\t\t<\/div>\n\t\t\t\t\t<\/div>\n\t\t<\/section>\n\t\t\t\t<section class=\"elementor-section elementor-top-section elementor-element elementor-element-2d119b2 elementor-section-boxed elementor-section-height-default elementor-section-height-default\" data-id=\"2d119b2\" data-element_type=\"section\" data-settings=\"{&quot;background_background&quot;:&quot;classic&quot;}\">\n\t\t\t\t\t\t<div class=\"elementor-container elementor-column-gap-default\">\n\t\t\t\t\t<div class=\"elementor-column elementor-col-100 elementor-top-column elementor-element elementor-element-742db0d\" data-id=\"742db0d\" data-element_type=\"column\">\n\t\t\t<div class=\"elementor-widget-wrap elementor-element-populated\">\n\t\t\t\t\t\t<div class=\"elementor-element elementor-element-02b1e31 elementor-widget elementor-widget-text-editor\" data-id=\"02b1e31\" data-element_type=\"widget\" data-widget_type=\"text-editor.default\">\n\t\t\t\t<div class=\"elementor-widget-container\">\n\t\t\t\t\t\t\t<p><br \/><strong>Instituto Sananda &#8211; Terapias Integrativas<br \/>Associa\u00e7\u00e3o sem fins lucrativos<br \/><\/strong>E-mail: <strong>institutosananda@gmail.com<\/strong><\/p>\t\t\t\t\t\t<\/div>\n\t\t\t\t<\/div>\n\t\t\t\t\t<\/div>\n\t\t<\/div>\n\t\t\t\t\t<\/div>\n\t\t<\/section>\n\t\t\t\t<\/div>\n\t\t","protected":false},"excerpt":{"rendered":"<p>D\u00favidas e Informa\u00e7\u00f5es Este canal \u00e9 exclusivo para assuntos e d\u00favidas relacionados ao agendamento. Instituto Sananda &#8211; Terapias IntegrativasAssocia\u00e7\u00e3o sem fins lucrativosE-mail: institutosananda@gmail.com<\/p>\n","protected":false},"author":1,"featured_media":0,"parent":0,"menu_order":0,"comment_status":"closed","ping_status":"closed","template":"elementor_header_footer","meta":{"footnotes":""},"class_list":["post-15063","page","type-page","status-publish","hentry"],"_links":{"self":[{"href":"https:\/\/www.institutosananda.org\/index.php\/wp-json\/wp\/v2\/pages\/15063","targetHints":{"allow":["GET"]}}],"collection":[{"href":"https:\/\/www.institutosananda.org\/index.php\/wp-json\/wp\/v2\/pages"}],"about":[{"href":"https:\/\/www.institutosananda.org\/index.php\/wp-json\/wp\/v2\/types\/page"}],"author":[{"embeddable":true,"href":"https:\/\/www.institutosananda.org\/index.php\/wp-json\/wp\/v2\/users\/1"}],"replies":[{"embeddable":true,"href":"https:\/\/www.institutosananda.org\/index.php\/wp-json\/wp\/v2\/comments?post=15063"}],"version-history":[{"count":7,"href":"https:\/\/www.institutosananda.org\/index.php\/wp-json\/wp\/v2\/pages\/15063\/revisions"}],"predecessor-version":[{"id":15352,"href":"https:\/\/www.institutosananda.org\/index.php\/wp-json\/wp\/v2\/pages\/15063\/revisions\/15352"}],"wp:attachment":[{"href":"https:\/\/www.institutosananda.org\/index.php\/wp-json\/wp\/v2\/media?parent=15063"}],"curies":[{"name":"wp","href":"https:\/\/api.w.org\/{rel}","templated":true}]}}