{"id":14845,"date":"2026-04-10T18:57:46","date_gmt":"2026-04-10T21:57:46","guid":{"rendered":"https:\/\/www.institutosananda.org\/?page_id=14845"},"modified":"2026-04-30T11:53:35","modified_gmt":"2026-04-30T14:53:35","slug":"terapias-integrativas","status":"publish","type":"page","link":"https:\/\/www.institutosananda.org\/index.php\/terapias-integrativas\/","title":{"rendered":"TERAPIAS INTEGRATIVAS"},"content":{"rendered":"\t\t<div data-elementor-type=\"wp-page\" data-elementor-id=\"14845\" class=\"elementor elementor-14845\" data-elementor-post-type=\"page\">\n\t\t\t\t\t\t<section class=\"elementor-section elementor-top-section elementor-element elementor-element-bb59d6e elementor-section-boxed elementor-section-height-default elementor-section-height-default\" data-id=\"bb59d6e\" data-element_type=\"section\" data-settings=\"{&quot;background_background&quot;:&quot;classic&quot;}\">\n\t\t\t\t\t\t<div class=\"elementor-container elementor-column-gap-default\">\n\t\t\t\t\t<div class=\"elementor-column elementor-col-100 elementor-top-column elementor-element elementor-element-66e7b10\" data-id=\"66e7b10\" data-element_type=\"column\">\n\t\t\t<div class=\"elementor-widget-wrap\">\n\t\t\t\t\t\t\t<\/div>\n\t\t<\/div>\n\t\t\t\t\t<\/div>\n\t\t<\/section>\n\t\t\t\t<section class=\"elementor-section elementor-top-section elementor-element elementor-element-81c8b3e elementor-section-boxed elementor-section-height-default elementor-section-height-default\" data-id=\"81c8b3e\" data-element_type=\"section\" data-settings=\"{&quot;background_background&quot;:&quot;classic&quot;}\">\n\t\t\t\t\t\t<div class=\"elementor-container elementor-column-gap-default\">\n\t\t\t\t\t<div class=\"elementor-column elementor-col-100 elementor-top-column elementor-element elementor-element-683e7ac\" data-id=\"683e7ac\" data-element_type=\"column\">\n\t\t\t<div class=\"elementor-widget-wrap elementor-element-populated\">\n\t\t\t\t\t\t<div class=\"elementor-element elementor-element-62aa6ec elementor-widget elementor-widget-image\" data-id=\"62aa6ec\" data-element_type=\"widget\" data-widget_type=\"image.default\">\n\t\t\t\t<div class=\"elementor-widget-container\">\n\t\t\t\t\t\t\t\t\t\t\t\t\t<img fetchpriority=\"high\" decoding=\"async\" width=\"1024\" height=\"500\" src=\"https:\/\/www.institutosananda.org\/wp-content\/uploads\/2026\/04\/Imagem-do-site-de-agendamento-1024x500.jpg\" class=\"attachment-large size-large wp-image-15745\" alt=\"\" srcset=\"https:\/\/www.institutosananda.org\/wp-content\/uploads\/2026\/04\/Imagem-do-site-de-agendamento-1024x500.jpg 1024w, https:\/\/www.institutosananda.org\/wp-content\/uploads\/2026\/04\/Imagem-do-site-de-agendamento-300x147.jpg 300w, https:\/\/www.institutosananda.org\/wp-content\/uploads\/2026\/04\/Imagem-do-site-de-agendamento-768x375.jpg 768w, https:\/\/www.institutosananda.org\/wp-content\/uploads\/2026\/04\/Imagem-do-site-de-agendamento-80x39.jpg 80w, https:\/\/www.institutosananda.org\/wp-content\/uploads\/2026\/04\/Imagem-do-site-de-agendamento.jpg 1200w\" sizes=\"(max-width: 1024px) 100vw, 1024px\" \/>\t\t\t\t\t\t\t\t\t\t\t\t\t<\/div>\n\t\t\t\t<\/div>\n\t\t\t\t<div class=\"elementor-element elementor-element-eaa7406 elementor-widget elementor-widget-section-head\" data-id=\"eaa7406\" data-element_type=\"widget\" data-widget_type=\"section-head.default\">\n\t\t\t\t<div class=\"elementor-widget-container\">\n\t\t\t\t        <div class=\"section-title t-section-title t-features-title text-center \" style=\"background-image: url();\">\r\n\t            \t\t    \t<p ><p>Os atendimentos s\u00e3o realizados de forma gratuita, <br>por terapeutas volunt\u00e1rios do Instituto Sananda. <br><br>Como forma de fortalecer a corrente do bem e incentivar o compromisso com o agendamento,<br> \u00e9 solicitada uma contribui\u00e7\u00e3o de R$ 20,00, que ser\u00e1 destinada diretamente a ONG: RECANTO BICHO FELIZ - @recantobichofeliz. \u2022 Essa contribui\u00e7\u00e3o: \u2022 N\u00e3o caracteriza pagamento pelo atendimento.<\/p>\r\n\t\t    \t\t        <\/div>\r\n\r\n\t    \t\t\t<\/div>\n\t\t\t\t<\/div>\n\t\t\t\t<div class=\"elementor-element elementor-element-a09f088 animated-fast elementor-invisible elementor-widget elementor-widget-heading\" data-id=\"a09f088\" data-element_type=\"widget\" data-settings=\"{&quot;_animation&quot;:&quot;shake&quot;,&quot;_animation_delay&quot;:500}\" data-widget_type=\"heading.default\">\n\t\t\t\t<div class=\"elementor-widget-container\">\n\t\t\t<h2 class=\"elementor-heading-title elementor-size-default\">Clique na imagem abaixo para mais informa\u00e7\u00f5es de cada terapia.<\/h2>\t\t<\/div>\n\t\t\t\t<\/div>\n\t\t\t\t<div class=\"elementor-element elementor-element-72017e2 elementor-align-center elementor-widget__width-initial elementor-fixed animated-slow elementor-invisible elementor-widget elementor-widget-button\" data-id=\"72017e2\" data-element_type=\"widget\" data-settings=\"{&quot;_position&quot;:&quot;fixed&quot;,&quot;_animation&quot;:&quot;slideInDown&quot;,&quot;_animation_delay&quot;:1000}\" data-widget_type=\"button.default\">\n\t\t\t\t<div class=\"elementor-widget-container\">\n\t\t\t\t\t\t\t<div class=\"elementor-button-wrapper\">\n\t\t\t\t\t<a class=\"elementor-button elementor-button-link elementor-size-sm\" href=\"https:\/\/www.institutosananda.org\/\" target=\"_blank\">\n\t\t\t\t\t\t<span class=\"elementor-button-content-wrapper\">\n\t\t\t\t\t\t<span class=\"elementor-button-icon\">\n\t\t\t\t<i aria-hidden=\"true\" class=\"fab fa-whatsapp\"><\/i>\t\t\t<\/span>\n\t\t\t\t\t\t\t\t\t<span class=\"elementor-button-text\">O novo sistema de agendamento estar\u00e1 dispon\u00edvel aqui a partir de maio.<\/span>\n\t\t\t\t\t<\/span>\n\t\t\t\t\t<\/a>\n\t\t\t\t<\/div>\n\t\t\t\t\t\t<\/div>\n\t\t\t\t<\/div>\n\t\t\t\t\t<\/div>\n\t\t<\/div>\n\t\t\t\t\t<\/div>\n\t\t<\/section>\n\t\t\t\t<section class=\"elementor-section elementor-top-section elementor-element elementor-element-ce15e80 elementor-section-boxed elementor-section-height-default elementor-section-height-default\" data-id=\"ce15e80\" data-element_type=\"section\" data-settings=\"{&quot;background_background&quot;:&quot;classic&quot;}\">\n\t\t\t\t\t\t<div class=\"elementor-container elementor-column-gap-default\">\n\t\t\t\t\t<div class=\"elementor-column elementor-col-33 elementor-top-column elementor-element elementor-element-504b1e7\" data-id=\"504b1e7\" data-element_type=\"column\">\n\t\t\t<div class=\"elementor-widget-wrap elementor-element-populated\">\n\t\t\t\t\t\t<div class=\"elementor-element elementor-element-c279508 animated-fast elementor-position-top elementor-widget elementor-widget-image-box\" data-id=\"c279508\" data-element_type=\"widget\" data-settings=\"{&quot;_animation&quot;:&quot;none&quot;,&quot;_animation_delay&quot;:500}\" data-widget_type=\"image-box.default\">\n\t\t\t\t<div class=\"elementor-widget-container\">\n\t\t\t<div class=\"elementor-image-box-wrapper\"><figure class=\"elementor-image-box-img\"><a href=\"https:\/\/www.institutosananda.org\/index.php\/atendimento-healing-access\/\" tabindex=\"-1\"><img decoding=\"async\" width=\"700\" height=\"467\" src=\"https:\/\/www.institutosananda.org\/wp-content\/uploads\/2026\/04\/Terapia-Healing-Access.jpg\" class=\"elementor-animation-shrink attachment-full size-full wp-image-15264\" alt=\"\" srcset=\"https:\/\/www.institutosananda.org\/wp-content\/uploads\/2026\/04\/Terapia-Healing-Access.jpg 700w, https:\/\/www.institutosananda.org\/wp-content\/uploads\/2026\/04\/Terapia-Healing-Access-300x200.jpg 300w, https:\/\/www.institutosananda.org\/wp-content\/uploads\/2026\/04\/Terapia-Healing-Access-80x53.jpg 80w\" sizes=\"(max-width: 700px) 100vw, 700px\" \/><\/a><\/figure><div class=\"elementor-image-box-content\"><h3 class=\"elementor-image-box-title\"><a href=\"https:\/\/www.institutosananda.org\/index.php\/atendimento-healing-access\/\">Healing Access<\/a><\/h3><p class=\"elementor-image-box-description\">O HEALING ACCESS atua no campo sutil, auxiliando na libera\u00e7\u00e3o de bloqueios, traumas e padr\u00f5es emocionais profundos, fortalecendo seu centro de for\u00e7a e consci\u00eancia.<\/p><\/div><\/div>\t\t<\/div>\n\t\t\t\t<\/div>\n\t\t\t\t\t<\/div>\n\t\t<\/div>\n\t\t\t\t<div class=\"elementor-column elementor-col-33 elementor-top-column elementor-element elementor-element-3440fc2\" data-id=\"3440fc2\" data-element_type=\"column\">\n\t\t\t<div class=\"elementor-widget-wrap elementor-element-populated\">\n\t\t\t\t\t\t<div class=\"elementor-element elementor-element-aa36fc7 animated-fast elementor-position-top elementor-widget elementor-widget-image-box\" data-id=\"aa36fc7\" data-element_type=\"widget\" data-settings=\"{&quot;_animation&quot;:&quot;none&quot;,&quot;_animation_delay&quot;:500}\" data-widget_type=\"image-box.default\">\n\t\t\t\t<div class=\"elementor-widget-container\">\n\t\t\t<div class=\"elementor-image-box-wrapper\"><figure class=\"elementor-image-box-img\"><a href=\"https:\/\/www.institutosananda.org\/index.php\/atendimento-reiki\/\" tabindex=\"-1\"><img decoding=\"async\" width=\"700\" height=\"467\" src=\"https:\/\/www.institutosananda.org\/wp-content\/uploads\/2026\/04\/Terapia-Reiki-1.jpg\" class=\"elementor-animation-shrink attachment-full size-full wp-image-15271\" alt=\"\" srcset=\"https:\/\/www.institutosananda.org\/wp-content\/uploads\/2026\/04\/Terapia-Reiki-1.jpg 700w, https:\/\/www.institutosananda.org\/wp-content\/uploads\/2026\/04\/Terapia-Reiki-1-300x200.jpg 300w, https:\/\/www.institutosananda.org\/wp-content\/uploads\/2026\/04\/Terapia-Reiki-1-80x53.jpg 80w\" sizes=\"(max-width: 700px) 100vw, 700px\" \/><\/a><\/figure><div class=\"elementor-image-box-content\"><h3 class=\"elementor-image-box-title\"><a href=\"https:\/\/www.institutosananda.org\/index.php\/atendimento-reiki\/\">Reiki<\/a><\/h3><p class=\"elementor-image-box-description\">O REIKI promove equil\u00edbrio energ\u00e9tico, relaxamento e harmoniza\u00e7\u00e3o do corpo e da mente, contribuindo para o bem-estar  e auxiliando na redu\u00e7\u00e3o do estresse.<\/p><\/div><\/div>\t\t<\/div>\n\t\t\t\t<\/div>\n\t\t\t\t\t<\/div>\n\t\t<\/div>\n\t\t\t\t<div class=\"elementor-column elementor-col-33 elementor-top-column elementor-element elementor-element-2433827\" data-id=\"2433827\" data-element_type=\"column\">\n\t\t\t<div class=\"elementor-widget-wrap elementor-element-populated\">\n\t\t\t\t\t\t<div class=\"elementor-element elementor-element-20762a7 animated-fast elementor-position-top elementor-widget elementor-widget-image-box\" data-id=\"20762a7\" data-element_type=\"widget\" data-settings=\"{&quot;_animation&quot;:&quot;none&quot;,&quot;_animation_delay&quot;:500}\" data-widget_type=\"image-box.default\">\n\t\t\t\t<div class=\"elementor-widget-container\">\n\t\t\t<div class=\"elementor-image-box-wrapper\"><figure class=\"elementor-image-box-img\"><a href=\"https:\/\/www.institutosananda.org\/index.php\/atendimento-constelacao-familiar\/\" tabindex=\"-1\"><img loading=\"lazy\" decoding=\"async\" width=\"700\" height=\"467\" src=\"https:\/\/www.institutosananda.org\/wp-content\/uploads\/2026\/04\/Terapia-Constelacao-Familiar.jpg\" class=\"elementor-animation-shrink attachment-full size-full wp-image-15260\" alt=\"\" srcset=\"https:\/\/www.institutosananda.org\/wp-content\/uploads\/2026\/04\/Terapia-Constelacao-Familiar.jpg 700w, https:\/\/www.institutosananda.org\/wp-content\/uploads\/2026\/04\/Terapia-Constelacao-Familiar-300x200.jpg 300w, https:\/\/www.institutosananda.org\/wp-content\/uploads\/2026\/04\/Terapia-Constelacao-Familiar-80x53.jpg 80w\" sizes=\"(max-width: 700px) 100vw, 700px\" \/><\/a><\/figure><div class=\"elementor-image-box-content\"><h3 class=\"elementor-image-box-title\"><a href=\"https:\/\/www.institutosananda.org\/index.php\/atendimento-constelacao-familiar\/\">Constela\u00e7\u00e3o Familiar<\/a><\/h3><p class=\"elementor-image-box-description\">A CONSTE\u00c7\u00c3O FAMILIAR Individual permite acessar din\u00e2micas inconscientes e padr\u00f5es familiares, trazendo novos olhares e possibilidades de resolu\u00e7\u00e3o interna.<\/p><\/div><\/div>\t\t<\/div>\n\t\t\t\t<\/div>\n\t\t\t\t\t<\/div>\n\t\t<\/div>\n\t\t\t\t\t<\/div>\n\t\t<\/section>\n\t\t\t\t<section class=\"elementor-section elementor-top-section elementor-element elementor-element-998b004 elementor-section-boxed elementor-section-height-default elementor-section-height-default\" data-id=\"998b004\" data-element_type=\"section\" data-settings=\"{&quot;background_background&quot;:&quot;classic&quot;}\">\n\t\t\t\t\t\t<div class=\"elementor-container elementor-column-gap-default\">\n\t\t\t\t\t<div class=\"elementor-column elementor-col-100 elementor-top-column elementor-element elementor-element-d2ea992\" data-id=\"d2ea992\" data-element_type=\"column\">\n\t\t\t<div class=\"elementor-widget-wrap elementor-element-populated\">\n\t\t\t\t\t\t<div class=\"elementor-element elementor-element-698c9a6 elementor-widget elementor-widget-text-editor\" data-id=\"698c9a6\" data-element_type=\"widget\" data-widget_type=\"text-editor.default\">\n\t\t\t\t<div class=\"elementor-widget-container\">\n\t\t\t\t\t\t\t<p>\u00a0<\/p><p><strong>Instituto Sananda &#8211; Terapias Integrativas<br \/>Associa\u00e7\u00e3o civil sem fins lucrativos<\/strong><br \/>E-mail: <strong>institutosananda@gmail.com<\/strong><strong><br \/><\/strong><\/p>\t\t\t\t\t\t<\/div>\n\t\t\t\t<\/div>\n\t\t\t\t\t<\/div>\n\t\t<\/div>\n\t\t\t\t\t<\/div>\n\t\t<\/section>\n\t\t\t\t<section class=\"elementor-section elementor-top-section elementor-element elementor-element-e0cd007 elementor-section-boxed elementor-section-height-default elementor-section-height-default\" data-id=\"e0cd007\" data-element_type=\"section\">\n\t\t\t\t\t\t<div class=\"elementor-container elementor-column-gap-default\">\n\t\t\t\t\t<div class=\"elementor-column elementor-col-100 elementor-top-column elementor-element elementor-element-54b50b1\" data-id=\"54b50b1\" data-element_type=\"column\">\n\t\t\t<div class=\"elementor-widget-wrap\">\n\t\t\t\t\t\t\t<\/div>\n\t\t<\/div>\n\t\t\t\t\t<\/div>\n\t\t<\/section>\n\t\t\t\t<\/div>\n\t\t","protected":false},"excerpt":{"rendered":"<p>Os atendimentos s\u00e3o realizados de forma gratuita, por terapeutas volunt\u00e1rios do Instituto Sananda. Como forma de fortalecer a corrente do bem e incentivar o compromisso com o agendamento, \u00e9 solicitada uma contribui\u00e7\u00e3o de R$ 20,00, que ser\u00e1 destinada diretamente a ONG: RECANTO BICHO FELIZ &#8211; @recantobichofeliz. \u2022 Essa contribui\u00e7\u00e3o: \u2022 N\u00e3o caracteriza pagamento pelo atendimento. [&hellip;]<\/p>\n","protected":false},"author":1,"featured_media":0,"parent":0,"menu_order":0,"comment_status":"closed","ping_status":"closed","template":"elementor_header_footer","meta":{"footnotes":""},"class_list":["post-14845","page","type-page","status-publish","hentry"],"_links":{"self":[{"href":"https:\/\/www.institutosananda.org\/index.php\/wp-json\/wp\/v2\/pages\/14845","targetHints":{"allow":["GET"]}}],"collection":[{"href":"https:\/\/www.institutosananda.org\/index.php\/wp-json\/wp\/v2\/pages"}],"about":[{"href":"https:\/\/www.institutosananda.org\/index.php\/wp-json\/wp\/v2\/types\/page"}],"author":[{"embeddable":true,"href":"https:\/\/www.institutosananda.org\/index.php\/wp-json\/wp\/v2\/users\/1"}],"replies":[{"embeddable":true,"href":"https:\/\/www.institutosananda.org\/index.php\/wp-json\/wp\/v2\/comments?post=14845"}],"version-history":[{"count":142,"href":"https:\/\/www.institutosananda.org\/index.php\/wp-json\/wp\/v2\/pages\/14845\/revisions"}],"predecessor-version":[{"id":16030,"href":"https:\/\/www.institutosananda.org\/index.php\/wp-json\/wp\/v2\/pages\/14845\/revisions\/16030"}],"wp:attachment":[{"href":"https:\/\/www.institutosananda.org\/index.php\/wp-json\/wp\/v2\/media?parent=14845"}],"curies":[{"name":"wp","href":"https:\/\/api.w.org\/{rel}","templated":true}]}}