{"id":14829,"date":"2026-04-10T16:19:52","date_gmt":"2026-04-10T19:19:52","guid":{"rendered":"https:\/\/www.institutosananda.org\/?page_id=14829"},"modified":"2026-04-13T19:18:30","modified_gmt":"2026-04-13T22:18:30","slug":"atendimento-constelacao-familiar","status":"publish","type":"page","link":"https:\/\/www.institutosananda.org\/index.php\/atendimento-constelacao-familiar\/","title":{"rendered":"ATENDIMENTO CONSTELA\u00c7\u00c3O FAMILIAR"},"content":{"rendered":"\t\t<div data-elementor-type=\"wp-page\" data-elementor-id=\"14829\" class=\"elementor elementor-14829\" data-elementor-post-type=\"page\">\n\t\t\t\t\t\t<section class=\"elementor-section elementor-top-section elementor-element elementor-element-bb59d6e elementor-section-boxed elementor-section-height-default elementor-section-height-default\" data-id=\"bb59d6e\" data-element_type=\"section\" data-settings=\"{&quot;background_background&quot;:&quot;classic&quot;}\">\n\t\t\t\t\t\t<div class=\"elementor-container elementor-column-gap-default\">\n\t\t\t\t\t<div class=\"elementor-column elementor-col-100 elementor-top-column elementor-element elementor-element-f69b58d\" data-id=\"f69b58d\" data-element_type=\"column\">\n\t\t\t<div class=\"elementor-widget-wrap elementor-element-populated\">\n\t\t\t\t\t\t<div class=\"elementor-element elementor-element-ee65618 elementor-align-center elementor-widget__width-initial elementor-fixed animated-slow elementor-invisible elementor-widget elementor-widget-button\" data-id=\"ee65618\" data-element_type=\"widget\" data-settings=\"{&quot;_position&quot;:&quot;fixed&quot;,&quot;_animation&quot;:&quot;slideInDown&quot;,&quot;_animation_delay&quot;:1000}\" data-widget_type=\"button.default\">\n\t\t\t\t<div class=\"elementor-widget-container\">\n\t\t\t\t\t\t\t<div class=\"elementor-button-wrapper\">\n\t\t\t\t\t<a class=\"elementor-button elementor-button-link elementor-size-sm\" href=\"https:\/\/www.institutosananda.org\/\" target=\"_blank\">\n\t\t\t\t\t\t<span class=\"elementor-button-content-wrapper\">\n\t\t\t\t\t\t<span class=\"elementor-button-icon\">\n\t\t\t\t<i aria-hidden=\"true\" class=\"fab fa-whatsapp\"><\/i>\t\t\t<\/span>\n\t\t\t\t\t\t\t\t\t<span class=\"elementor-button-text\">A partir de maio de 2026, nossos atendimentos <br><br> ser\u00e3o realizados exclusivamente no formato on-line. <br><br>  Favor aguarde a libera\u00e7\u00e3o do sistema de agendamento.  <\/span>\n\t\t\t\t\t<\/span>\n\t\t\t\t\t<\/a>\n\t\t\t\t<\/div>\n\t\t\t\t\t\t<\/div>\n\t\t\t\t<\/div>\n\t\t\t\t\t<\/div>\n\t\t<\/div>\n\t\t\t\t\t<\/div>\n\t\t<\/section>\n\t\t\t\t<section class=\"elementor-section elementor-top-section elementor-element elementor-element-190f9a9 elementor-section-boxed elementor-section-height-default elementor-section-height-default\" data-id=\"190f9a9\" data-element_type=\"section\" data-settings=\"{&quot;background_background&quot;:&quot;classic&quot;}\">\n\t\t\t\t\t\t<div class=\"elementor-container elementor-column-gap-default\">\n\t\t\t\t\t<div class=\"elementor-column elementor-col-100 elementor-top-column elementor-element elementor-element-7497604\" data-id=\"7497604\" data-element_type=\"column\">\n\t\t\t<div class=\"elementor-widget-wrap elementor-element-populated\">\n\t\t\t\t\t\t<div class=\"elementor-element elementor-element-bbcdbc2 elementor-widget elementor-widget-heading\" data-id=\"bbcdbc2\" data-element_type=\"widget\" data-widget_type=\"heading.default\">\n\t\t\t\t<div class=\"elementor-widget-container\">\n\t\t\t<h2 class=\"elementor-heading-title elementor-size-default\">Constela\u00e7\u00e3o Familiar Individual<\/h2>\t\t<\/div>\n\t\t\t\t<\/div>\n\t\t\t\t<div class=\"elementor-element elementor-element-10c9eaa elementor-widget elementor-widget-heading\" data-id=\"10c9eaa\" data-element_type=\"widget\" data-widget_type=\"heading.default\">\n\t\t\t\t<div class=\"elementor-widget-container\">\n\t\t\t<h2 class=\"elementor-heading-title elementor-size-default\">Atendimento online ao vivo, com hora marcada, por videochamada com o terapeuta.<\/h2>\t\t<\/div>\n\t\t\t\t<\/div>\n\t\t\t\t<div class=\"elementor-element elementor-element-f98fff0 elementor-widget elementor-widget-heading\" data-id=\"f98fff0\" data-element_type=\"widget\" data-widget_type=\"heading.default\">\n\t\t\t\t<div class=\"elementor-widget-container\">\n\t\t\t<h2 class=\"elementor-heading-title elementor-size-default\">Gratuito!<\/h2>\t\t<\/div>\n\t\t\t\t<\/div>\n\t\t\t\t\t<\/div>\n\t\t<\/div>\n\t\t\t\t\t<\/div>\n\t\t<\/section>\n\t\t\t\t<section class=\"elementor-section elementor-top-section elementor-element elementor-element-b8fad1c elementor-section-boxed elementor-section-height-default elementor-section-height-default\" data-id=\"b8fad1c\" data-element_type=\"section\" data-settings=\"{&quot;background_background&quot;:&quot;classic&quot;}\">\n\t\t\t\t\t\t<div class=\"elementor-container elementor-column-gap-default\">\n\t\t\t\t\t<div class=\"elementor-column elementor-col-100 elementor-top-column elementor-element elementor-element-f0df7f8\" data-id=\"f0df7f8\" data-element_type=\"column\">\n\t\t\t<div class=\"elementor-widget-wrap elementor-element-populated\">\n\t\t\t\t\t\t<div class=\"elementor-element elementor-element-ab7b33b elementor-widget elementor-widget-section-head\" data-id=\"ab7b33b\" data-element_type=\"widget\" data-widget_type=\"section-head.default\">\n\t\t\t\t<div class=\"elementor-widget-container\">\n\t\t\t\t        <div class=\"section-title t-section-title t-features-title text-center \" style=\"background-image: url();\">\r\n\t            \t\t    \t<p ><br>Um espa\u00e7o profundo de compreens\u00e3o e reorganiza\u00e7\u00e3o das din\u00e2micas que influenciam sua vida.\n\nA Constela\u00e7\u00e3o Familiar \u00e9 uma abordagem terap\u00eautica que permite acessar, compreender e transformar padr\u00f5es inconscientes que atuam em sua vida, muitas vezes ligados \u00e0 hist\u00f3ria familiar, aos v\u00ednculos e \u00e0s experi\u00eancias vividas.\n\nNo Instituto Sananda, o atendimento \u00e9 realizado de forma individual e online, ao vivo, com hora marcada, por videochamada, conduzido com sensibilidade, respeito e presen\u00e7a.\n\nMesmo sem o grupo, a profundidade do trabalho \u00e9 preservada.\nO campo sist\u00eamico se manifesta atrav\u00e9s da sua pr\u00f3pria percep\u00e7\u00e3o, das condu\u00e7\u00f5es do terapeuta e dos recursos utilizados durante a sess\u00e3o.<br><br>\n<b>A sess\u00e3o \u00e9 conduzida de forma personalizada, respeitando o seu momento e a sua necessidade.<\/b><\/p>\r\n\t\t    \t\t        <\/div>\r\n\r\n\t    \t\t\t<\/div>\n\t\t\t\t<\/div>\n\t\t\t\t<div class=\"elementor-element elementor-element-b5f6e6f elementor-widget elementor-widget-heading\" data-id=\"b5f6e6f\" data-element_type=\"widget\" data-widget_type=\"heading.default\">\n\t\t\t\t<div class=\"elementor-widget-container\">\n\t\t\t<h2 class=\"elementor-heading-title elementor-size-default\">Como funciona o atendimento:<\/h2>\t\t<\/div>\n\t\t\t\t<\/div>\n\t\t\t\t<div class=\"elementor-element elementor-element-6d09215 elementor-widget elementor-widget-heading\" data-id=\"6d09215\" data-element_type=\"widget\" data-widget_type=\"heading.default\">\n\t\t\t\t<div class=\"elementor-widget-container\">\n\t\t\t<h2 class=\"elementor-heading-title elementor-size-default\">\u2728 Escuta e defini\u00e7\u00e3o do tema<\/h2>\t\t<\/div>\n\t\t\t\t<\/div>\n\t\t\t\t<div class=\"elementor-element elementor-element-5894dca elementor-widget elementor-widget-section-head\" data-id=\"5894dca\" data-element_type=\"widget\" data-widget_type=\"section-head.default\">\n\t\t\t\t<div class=\"elementor-widget-container\">\n\t\t\t\t        <div class=\"section-title t-section-title t-features-title text-center \" style=\"background-image: url();\">\r\n\t            \t\t    \t<p >Voc\u00ea traz uma quest\u00e3o, dificuldade ou situa\u00e7\u00e3o que deseja compreender, pode ser algo emocional, familiar, profissional ou interno.<\/p>\r\n\t\t    \t\t        <\/div>\r\n\r\n\t    \t\t\t<\/div>\n\t\t\t\t<\/div>\n\t\t\t\t<div class=\"elementor-element elementor-element-18ea2dd elementor-widget elementor-widget-heading\" data-id=\"18ea2dd\" data-element_type=\"widget\" data-widget_type=\"heading.default\">\n\t\t\t\t<div class=\"elementor-widget-container\">\n\t\t\t<h2 class=\"elementor-heading-title elementor-size-default\">\u2728 Acesso ao campo sist\u00eamico<\/h2>\t\t<\/div>\n\t\t\t\t<\/div>\n\t\t\t\t<div class=\"elementor-element elementor-element-cfca596 elementor-widget elementor-widget-section-head\" data-id=\"cfca596\" data-element_type=\"widget\" data-widget_type=\"section-head.default\">\n\t\t\t\t<div class=\"elementor-widget-container\">\n\t\t\t\t        <div class=\"section-title t-section-title t-features-title text-center \" style=\"background-image: url();\">\r\n\t            \t\t    \t<p >Com a condu\u00e7\u00e3o do terapeuta, iniciamos a observa\u00e7\u00e3o das din\u00e2micas envolvidas, revelando padr\u00f5es, v\u00ednculos ocultos e poss\u00edveis origens do que est\u00e1 sendo vivido.\n<\/p>\r\n\t\t    \t\t        <\/div>\r\n\r\n\t    \t\t\t<\/div>\n\t\t\t\t<\/div>\n\t\t\t\t<div class=\"elementor-element elementor-element-9270046 elementor-widget elementor-widget-heading\" data-id=\"9270046\" data-element_type=\"widget\" data-widget_type=\"heading.default\">\n\t\t\t\t<div class=\"elementor-widget-container\">\n\t\t\t<h2 class=\"elementor-heading-title elementor-size-default\">\u2728 Movimentos de reorganiza\u00e7\u00e3o<\/h2>\t\t<\/div>\n\t\t\t\t<\/div>\n\t\t\t\t<div class=\"elementor-element elementor-element-a852e97 elementor-widget elementor-widget-section-head\" data-id=\"a852e97\" data-element_type=\"widget\" data-widget_type=\"section-head.default\">\n\t\t\t\t<div class=\"elementor-widget-container\">\n\t\t\t\t        <div class=\"section-title t-section-title t-features-title text-center \" style=\"background-image: url();\">\r\n\t            \t\t    \t<p >Durante a sess\u00e3o, s\u00e3o realizados movimentos terap\u00eauticos que permitem novas percep\u00e7\u00f5es, compreens\u00f5es e reorganiza\u00e7\u00f5es internas.\n<\/p>\r\n\t\t    \t\t        <\/div>\r\n\r\n\t    \t\t\t<\/div>\n\t\t\t\t<\/div>\n\t\t\t\t<div class=\"elementor-element elementor-element-0afe269 elementor-widget elementor-widget-heading\" data-id=\"0afe269\" data-element_type=\"widget\" data-widget_type=\"heading.default\">\n\t\t\t\t<div class=\"elementor-widget-container\">\n\t\t\t<h2 class=\"elementor-heading-title elementor-size-default\">\u2728 Integra\u00e7\u00e3o<\/h2>\t\t<\/div>\n\t\t\t\t<\/div>\n\t\t\t\t<div class=\"elementor-element elementor-element-b13620f elementor-widget elementor-widget-section-head\" data-id=\"b13620f\" data-element_type=\"widget\" data-widget_type=\"section-head.default\">\n\t\t\t\t<div class=\"elementor-widget-container\">\n\t\t\t\t        <div class=\"section-title t-section-title t-features-title text-center \" style=\"background-image: url();\">\r\n\t            \t\t    \t<p >A sess\u00e3o n\u00e3o for\u00e7a solu\u00e7\u00f5es, ela abre caminhos.<br>\nCada pessoa integra o processo no seu tempo, permitindo que as mudan\u00e7as se consolidem de forma natural.<\/p>\r\n\t\t    \t\t        <\/div>\r\n\r\n\t    \t\t\t<\/div>\n\t\t\t\t<\/div>\n\t\t\t\t<div class=\"elementor-element elementor-element-ea992af elementor-widget elementor-widget-heading\" data-id=\"ea992af\" data-element_type=\"widget\" data-widget_type=\"heading.default\">\n\t\t\t\t<div class=\"elementor-widget-container\">\n\t\t\t<h2 class=\"elementor-heading-title elementor-size-default\">\u00c9 indicado para quem:<\/h2>\t\t<\/div>\n\t\t\t\t<\/div>\n\t\t\t\t<div class=\"elementor-element elementor-element-89e668f elementor-widget elementor-widget-section-head\" data-id=\"89e668f\" data-element_type=\"widget\" data-widget_type=\"section-head.default\">\n\t\t\t\t<div class=\"elementor-widget-container\">\n\t\t\t\t        <div class=\"section-title t-section-title t-features-title text-center \" style=\"background-image: url();\">\r\n\t            \t\t    \t<p >\u2728 Vive conflitos familiares recorrentes<br>\n\u2728 Enfrenta dificuldades em relacionamentos (afetivos, familiares ou profissionais)<br>\n\u2728 Sente que repete padr\u00f5es na vida<br>\n\u2728 N\u00e3o consegue sair de certas situa\u00e7\u00f5es, mesmo tentando<br>\n\u2728 Sente bloqueios emocionais ou internos<br>\n\u2728 Vive ciclos de sofrimento que se repetem<br>\n\u2728 Tem dificuldade em tomar decis\u00f5es importantes<br>\n\u2728 Sente culpa, medo ou inseguran\u00e7a constantes<br>\n\u2728 Enfrenta dificuldades com pais, filhos ou parceiros<br>\n\u2728 Deseja compreender melhor sua hist\u00f3ria familiar<br>\n\u2728 Sente que carrega algo que \u201cn\u00e3o sabe explicar\u201d<br>\n\u2728 Vive conflitos internos ou emocionais profundos<br>\n\u2728 Est\u00e1 passando por separa\u00e7\u00f5es ou perdas<br>\n\u2728 Sente dificuldade em prosperar ou avan\u00e7ar na vida<br>\n\u2728 Deseja se libertar de padr\u00f5es limitantes<br>\n\u2728 Busca autoconhecimento de forma profunda<br>\n\u2728 Sente necessidade de reorganizar sua vida<br>\n\u2728 Enfrenta quest\u00f5es ligadas \u00e0 autoestima<br>\n\u2728 Sente-se preso ao passado<br>\n\u2728 Deseja olhar para sua vida com mais consci\u00eancia<br>\n\u2728 Busca um novo direcionamento<br>\n\u2728 Sente que precisa \u201colhar para dentro\u201d com mais profundidade<br><\/p>\r\n\t\t    \t\t        <\/div>\r\n\r\n\t    \t\t\t<\/div>\n\t\t\t\t<\/div>\n\t\t\t\t<div class=\"elementor-element elementor-element-aea999a elementor-widget elementor-widget-video\" data-id=\"aea999a\" data-element_type=\"widget\" data-settings=\"{&quot;youtube_url&quot;:&quot;https:\\\/\\\/youtu.be\\\/IIsx9ryAX-8&quot;,&quot;video_type&quot;:&quot;youtube&quot;,&quot;controls&quot;:&quot;yes&quot;}\" data-widget_type=\"video.default\">\n\t\t\t\t<div class=\"elementor-widget-container\">\n\t\t\t\t\t<div class=\"elementor-wrapper elementor-open-inline\">\n\t\t\t<div class=\"elementor-video\"><\/div>\t\t<\/div>\n\t\t\t\t<\/div>\n\t\t\t\t<\/div>\n\t\t\t\t<div class=\"elementor-element elementor-element-2af737a elementor-widget elementor-widget-heading\" data-id=\"2af737a\" data-element_type=\"widget\" data-widget_type=\"heading.default\">\n\t\t\t\t<div class=\"elementor-widget-container\">\n\t\t\t<h2 class=\"elementor-heading-title elementor-size-default\">Importante!<\/h2>\t\t<\/div>\n\t\t\t\t<\/div>\n\t\t\t\t<div class=\"elementor-element elementor-element-38b7d30 elementor-widget elementor-widget-section-head\" data-id=\"38b7d30\" data-element_type=\"widget\" data-widget_type=\"section-head.default\">\n\t\t\t\t<div class=\"elementor-widget-container\">\n\t\t\t\t        <div class=\"section-title t-section-title t-features-title text-center \" style=\"background-image: url();\">\r\n\t            \t\t    \t<p >O Constela\u00e7\u00e3o Familiar n\u00e3o substitui tratamentos m\u00e9dicos ou psicol\u00f3gicos, mas atua como uma pr\u00e1tica complementar de cuidado e desenvolvimento pessoal.\n<\/p>\r\n\t\t    \t\t        <\/div>\r\n\r\n\t    \t\t\t<\/div>\n\t\t\t\t<\/div>\n\t\t\t\t\t<\/div>\n\t\t<\/div>\n\t\t\t\t\t<\/div>\n\t\t<\/section>\n\t\t\t\t<section class=\"elementor-section elementor-top-section elementor-element elementor-element-2d119b2 elementor-section-boxed elementor-section-height-default elementor-section-height-default\" data-id=\"2d119b2\" data-element_type=\"section\" data-settings=\"{&quot;background_background&quot;:&quot;classic&quot;}\">\n\t\t\t\t\t\t<div class=\"elementor-container elementor-column-gap-default\">\n\t\t\t\t\t<div class=\"elementor-column elementor-col-100 elementor-top-column elementor-element elementor-element-742db0d\" data-id=\"742db0d\" data-element_type=\"column\">\n\t\t\t<div class=\"elementor-widget-wrap elementor-element-populated\">\n\t\t\t\t\t\t<div class=\"elementor-element elementor-element-02b1e31 elementor-widget elementor-widget-text-editor\" data-id=\"02b1e31\" data-element_type=\"widget\" data-widget_type=\"text-editor.default\">\n\t\t\t\t<div class=\"elementor-widget-container\">\n\t\t\t\t\t\t\t<p>\u00a0<\/p><p><strong>Instituto Sananda &#8211; Terapias Integrativas<br \/>Associa\u00e7\u00e3o sem fins lucrativos<\/strong><br \/>Email: <strong>institutosananda@gmail.com<\/strong><\/p>\t\t\t\t\t\t<\/div>\n\t\t\t\t<\/div>\n\t\t\t\t\t<\/div>\n\t\t<\/div>\n\t\t\t\t\t<\/div>\n\t\t<\/section>\n\t\t\t\t<\/div>\n\t\t","protected":false},"excerpt":{"rendered":"<p>A partir de maio de 2026, nossos atendimentos ser\u00e3o realizados exclusivamente no formato on-line. Favor aguarde a libera\u00e7\u00e3o do sistema de agendamento. Constela\u00e7\u00e3o Familiar Individual Atendimento online ao vivo, com hora marcada, por videochamada com o terapeuta. Gratuito! Um espa\u00e7o profundo de compreens\u00e3o e reorganiza\u00e7\u00e3o das din\u00e2micas que influenciam sua vida. A Constela\u00e7\u00e3o Familiar \u00e9 [&hellip;]<\/p>\n","protected":false},"author":1,"featured_media":0,"parent":0,"menu_order":0,"comment_status":"closed","ping_status":"closed","template":"elementor_header_footer","meta":{"footnotes":""},"class_list":["post-14829","page","type-page","status-publish","hentry"],"_links":{"self":[{"href":"https:\/\/www.institutosananda.org\/index.php\/wp-json\/wp\/v2\/pages\/14829","targetHints":{"allow":["GET"]}}],"collection":[{"href":"https:\/\/www.institutosananda.org\/index.php\/wp-json\/wp\/v2\/pages"}],"about":[{"href":"https:\/\/www.institutosananda.org\/index.php\/wp-json\/wp\/v2\/types\/page"}],"author":[{"embeddable":true,"href":"https:\/\/www.institutosananda.org\/index.php\/wp-json\/wp\/v2\/users\/1"}],"replies":[{"embeddable":true,"href":"https:\/\/www.institutosananda.org\/index.php\/wp-json\/wp\/v2\/comments?post=14829"}],"version-history":[{"count":13,"href":"https:\/\/www.institutosananda.org\/index.php\/wp-json\/wp\/v2\/pages\/14829\/revisions"}],"predecessor-version":[{"id":15244,"href":"https:\/\/www.institutosananda.org\/index.php\/wp-json\/wp\/v2\/pages\/14829\/revisions\/15244"}],"wp:attachment":[{"href":"https:\/\/www.institutosananda.org\/index.php\/wp-json\/wp\/v2\/media?parent=14829"}],"curies":[{"name":"wp","href":"https:\/\/api.w.org\/{rel}","templated":true}]}}