{"id":14810,"date":"2026-04-10T14:41:55","date_gmt":"2026-04-10T17:41:55","guid":{"rendered":"https:\/\/www.institutosananda.org\/?page_id=14810"},"modified":"2026-04-13T19:19:13","modified_gmt":"2026-04-13T22:19:13","slug":"atendimento-healing-access","status":"publish","type":"page","link":"https:\/\/www.institutosananda.org\/index.php\/atendimento-healing-access\/","title":{"rendered":"ATENDIMENTO HEALING ACCESS"},"content":{"rendered":"\t\t<div data-elementor-type=\"wp-page\" data-elementor-id=\"14810\" class=\"elementor elementor-14810\" data-elementor-post-type=\"page\">\n\t\t\t\t\t\t<section class=\"elementor-section elementor-top-section elementor-element elementor-element-bb59d6e elementor-section-boxed elementor-section-height-default elementor-section-height-default\" data-id=\"bb59d6e\" data-element_type=\"section\" data-settings=\"{&quot;background_background&quot;:&quot;classic&quot;}\">\n\t\t\t\t\t\t<div class=\"elementor-container elementor-column-gap-default\">\n\t\t\t\t\t<div class=\"elementor-column elementor-col-100 elementor-top-column elementor-element elementor-element-f69b58d\" data-id=\"f69b58d\" data-element_type=\"column\">\n\t\t\t<div class=\"elementor-widget-wrap elementor-element-populated\">\n\t\t\t\t\t\t<div class=\"elementor-element elementor-element-ee65618 elementor-align-center elementor-widget__width-initial elementor-fixed animated-slow elementor-invisible elementor-widget elementor-widget-button\" data-id=\"ee65618\" data-element_type=\"widget\" data-settings=\"{&quot;_position&quot;:&quot;fixed&quot;,&quot;_animation&quot;:&quot;slideInDown&quot;,&quot;_animation_mobile&quot;:&quot;slideInDown&quot;,&quot;_animation_delay&quot;:1000}\" data-widget_type=\"button.default\">\n\t\t\t\t<div class=\"elementor-widget-container\">\n\t\t\t\t\t\t\t<div class=\"elementor-button-wrapper\">\n\t\t\t\t\t<a class=\"elementor-button elementor-button-link elementor-size-sm\" href=\"https:\/\/www.institutosananda.org\/\" target=\"_blank\">\n\t\t\t\t\t\t<span class=\"elementor-button-content-wrapper\">\n\t\t\t\t\t\t<span class=\"elementor-button-icon\">\n\t\t\t\t<i aria-hidden=\"true\" class=\"fab fa-whatsapp\"><\/i>\t\t\t<\/span>\n\t\t\t\t\t\t\t\t\t<span class=\"elementor-button-text\">A partir de maio de 2026, nossos atendimentos <br><br> ser\u00e3o realizados exclusivamente no formato on-line. <br><br>  Favor aguarde a libera\u00e7\u00e3o do sistema de agendamento.  <\/span>\n\t\t\t\t\t<\/span>\n\t\t\t\t\t<\/a>\n\t\t\t\t<\/div>\n\t\t\t\t\t\t<\/div>\n\t\t\t\t<\/div>\n\t\t\t\t\t<\/div>\n\t\t<\/div>\n\t\t\t\t\t<\/div>\n\t\t<\/section>\n\t\t\t\t<section class=\"elementor-section elementor-top-section elementor-element elementor-element-190f9a9 elementor-section-boxed elementor-section-height-default elementor-section-height-default\" data-id=\"190f9a9\" data-element_type=\"section\" data-settings=\"{&quot;background_background&quot;:&quot;classic&quot;}\">\n\t\t\t\t\t\t<div class=\"elementor-container elementor-column-gap-default\">\n\t\t\t\t\t<div class=\"elementor-column elementor-col-100 elementor-top-column elementor-element elementor-element-7497604\" data-id=\"7497604\" data-element_type=\"column\">\n\t\t\t<div class=\"elementor-widget-wrap elementor-element-populated\">\n\t\t\t\t\t\t<div class=\"elementor-element elementor-element-bbcdbc2 elementor-widget elementor-widget-heading\" data-id=\"bbcdbc2\" data-element_type=\"widget\" data-widget_type=\"heading.default\">\n\t\t\t\t<div class=\"elementor-widget-container\">\n\t\t\t<h2 class=\"elementor-heading-title elementor-size-default\">Terapia Healing Access  <\/h2>\t\t<\/div>\n\t\t\t\t<\/div>\n\t\t\t\t<div class=\"elementor-element elementor-element-10c9eaa elementor-widget elementor-widget-heading\" data-id=\"10c9eaa\" data-element_type=\"widget\" data-widget_type=\"heading.default\">\n\t\t\t\t<div class=\"elementor-widget-container\">\n\t\t\t<h2 class=\"elementor-heading-title elementor-size-default\">Atendimento online ao vivo, com hora marcada, por videochamada com o terapeuta.<\/h2>\t\t<\/div>\n\t\t\t\t<\/div>\n\t\t\t\t<div class=\"elementor-element elementor-element-f98fff0 elementor-widget elementor-widget-heading\" data-id=\"f98fff0\" data-element_type=\"widget\" data-widget_type=\"heading.default\">\n\t\t\t\t<div class=\"elementor-widget-container\">\n\t\t\t<h2 class=\"elementor-heading-title elementor-size-default\">Gratuito!<\/h2>\t\t<\/div>\n\t\t\t\t<\/div>\n\t\t\t\t\t<\/div>\n\t\t<\/div>\n\t\t\t\t\t<\/div>\n\t\t<\/section>\n\t\t\t\t<section class=\"elementor-section elementor-top-section elementor-element elementor-element-b8fad1c elementor-section-boxed elementor-section-height-default elementor-section-height-default\" data-id=\"b8fad1c\" data-element_type=\"section\" data-settings=\"{&quot;background_background&quot;:&quot;classic&quot;}\">\n\t\t\t\t\t\t<div class=\"elementor-container elementor-column-gap-default\">\n\t\t\t\t\t<div class=\"elementor-column elementor-col-100 elementor-top-column elementor-element elementor-element-f0df7f8\" data-id=\"f0df7f8\" data-element_type=\"column\">\n\t\t\t<div class=\"elementor-widget-wrap elementor-element-populated\">\n\t\t\t\t\t\t<div class=\"elementor-element elementor-element-ab7b33b elementor-widget elementor-widget-section-head\" data-id=\"ab7b33b\" data-element_type=\"widget\" data-widget_type=\"section-head.default\">\n\t\t\t\t<div class=\"elementor-widget-container\">\n\t\t\t\t        <div class=\"section-title t-section-title t-features-title text-center \" style=\"background-image: url();\">\r\n\t            \t\t    \t<p >Uma terapia integrativa que atua no campo energ\u00e9tico, emocional e de consci\u00eancia, auxiliando no seu processo de transforma\u00e7\u00e3o interior.\n\nO Healing Access \u00e9 uma abordagem terap\u00eautica que vai al\u00e9m do cuidado tradicional, atuando de forma sutil e profunda nos aspectos f\u00edsicos, emocionais, mentais e energ\u00e9ticos.\n\nMais do que uma t\u00e9cnica, \u00e9 um espa\u00e7o de presen\u00e7a, escuta e reconex\u00e3o.\n\nDurante o atendimento, o terapeuta conduz a sess\u00e3o com aten\u00e7\u00e3o plena e sensibilidade, criando um ambiente seguro para que voc\u00ea possa se expressar, compreender seus processos e acessar novas possibilidades internas.<\/p>\r\n\t\t    \t\t        <\/div>\r\n\r\n\t    \t\t\t<\/div>\n\t\t\t\t<\/div>\n\t\t\t\t<div class=\"elementor-element elementor-element-b5f6e6f elementor-widget elementor-widget-heading\" data-id=\"b5f6e6f\" data-element_type=\"widget\" data-widget_type=\"heading.default\">\n\t\t\t\t<div class=\"elementor-widget-container\">\n\t\t\t<h2 class=\"elementor-heading-title elementor-size-default\">A sess\u00e3o acontece em dois momentos principais:<\/h2>\t\t<\/div>\n\t\t\t\t<\/div>\n\t\t\t\t<div class=\"elementor-element elementor-element-6d09215 elementor-widget elementor-widget-heading\" data-id=\"6d09215\" data-element_type=\"widget\" data-widget_type=\"heading.default\">\n\t\t\t\t<div class=\"elementor-widget-container\">\n\t\t\t<h2 class=\"elementor-heading-title elementor-size-default\">\u2728 Escuta ativa e acolhimento<\/h2>\t\t<\/div>\n\t\t\t\t<\/div>\n\t\t\t\t<div class=\"elementor-element elementor-element-5894dca elementor-widget elementor-widget-section-head\" data-id=\"5894dca\" data-element_type=\"widget\" data-widget_type=\"section-head.default\">\n\t\t\t\t<div class=\"elementor-widget-container\">\n\t\t\t\t        <div class=\"section-title t-section-title t-features-title text-center \" style=\"background-image: url();\">\r\n\t            \t\t    \t<p >Um espa\u00e7o de fala sem julgamentos, onde voc\u00ea pode trazer o que est\u00e1 vivendo emo\u00e7\u00f5es, desafios, pensamentos ou momentos de vida. Esse processo j\u00e1 inicia movimentos importantes de consci\u00eancia e clareza.\n\n<\/p>\r\n\t\t    \t\t        <\/div>\r\n\r\n\t    \t\t\t<\/div>\n\t\t\t\t<\/div>\n\t\t\t\t<div class=\"elementor-element elementor-element-18ea2dd elementor-widget elementor-widget-heading\" data-id=\"18ea2dd\" data-element_type=\"widget\" data-widget_type=\"heading.default\">\n\t\t\t\t<div class=\"elementor-widget-container\">\n\t\t\t<h2 class=\"elementor-heading-title elementor-size-default\">\u2728 Condu\u00e7\u00e3o energ\u00e9tica \u00e0 dist\u00e2ncia<\/h2>\t\t<\/div>\n\t\t\t\t<\/div>\n\t\t\t\t<div class=\"elementor-element elementor-element-b13620f elementor-widget elementor-widget-section-head\" data-id=\"b13620f\" data-element_type=\"widget\" data-widget_type=\"section-head.default\">\n\t\t\t\t<div class=\"elementor-widget-container\">\n\t\t\t\t        <div class=\"section-title t-section-title t-features-title text-center \" style=\"background-image: url();\">\r\n\t            \t\t    \t<p >Com voc\u00ea em estado de relaxamento, o terapeuta realiza o trabalho energ\u00e9tico utilizando recursos da pr\u00e1tica Healing Access, como::<br><br>\n\n\u2728 Harmoniza\u00e7\u00e3o dos centros de energia \"chakras\"<br>\n\u2728 Ativa\u00e7\u00e3o energ\u00e9tica com cristais (no campo sutil)<br>\n\u2728Alinhamento com frequ\u00eancias elevadas<br>\n\u2728Integra\u00e7\u00e3o entre corpo, mente e campo energ\u00e9tico\n<br><br>\nEsse processo favorece o reequil\u00edbrio interno, a libera\u00e7\u00e3o de tens\u00f5es e a reorganiza\u00e7\u00e3o do seu campo energ\u00e9tico de forma natural e respeitosa.\n\nMesmo sendo \u00e0 dist\u00e2ncia, o atendimento mant\u00e9m sua profundidade, pois o trabalho acontece no campo energ\u00e9tico e de consci\u00eancia, que n\u00e3o est\u00e1 limitado ao espa\u00e7o f\u00edsico.<br><br>\n\n<b>Ap\u00f3s a sess\u00e3o, voc\u00ea ainda recebe um acompanhamento com o Protocolo Terap\u00eautico de 21 dias, com conte\u00fados di\u00e1rios que auxiliam na integra\u00e7\u00e3o das mudan\u00e7as, fortalecimento emocional e amplia\u00e7\u00e3o da consci\u00eancia.<\/b><\/p>\r\n\t\t    \t\t        <\/div>\r\n\r\n\t    \t\t\t<\/div>\n\t\t\t\t<\/div>\n\t\t\t\t<div class=\"elementor-element elementor-element-ea992af elementor-widget elementor-widget-heading\" data-id=\"ea992af\" data-element_type=\"widget\" data-widget_type=\"heading.default\">\n\t\t\t\t<div class=\"elementor-widget-container\">\n\t\t\t<h2 class=\"elementor-heading-title elementor-size-default\">\u00c9 indicado para quem:<\/h2>\t\t<\/div>\n\t\t\t\t<\/div>\n\t\t\t\t<div class=\"elementor-element elementor-element-89e668f elementor-widget elementor-widget-section-head\" data-id=\"89e668f\" data-element_type=\"widget\" data-widget_type=\"section-head.default\">\n\t\t\t\t<div class=\"elementor-widget-container\">\n\t\t\t\t        <div class=\"section-title t-section-title t-features-title text-center \" style=\"background-image: url();\">\r\n\t            \t\t    \t<p >\u2728 Sente ansiedade, estresse ou sobrecarga emocional<br>\n\u2728 Est\u00e1 passando por momentos dif\u00edceis ou de transi\u00e7\u00e3o<br>\n\u2728 Vive padr\u00f5es repetitivos e n\u00e3o consegue entender o porqu\u00ea<br>\n\u2728 Sente que n\u00e3o tem merecimento<br>\n\u2728 Sente culpa, medo e tristeza<br>\n\u2728 Sente bloqueios na vida pessoal, profissional ou emocional<br>\n\u2728 Sente dificuldade em prosperar financeiramente<br>\n\u2728 Tem dificuldade em tomar decis\u00f5es ou encontrar clareza<br>\n\u2728 Sente cansa\u00e7o constante, mesmo sem causa f\u00edsica aparente<br>\n\u2728 Deseja se reconectar consigo mesmo<br>\n\u2728 Busca equil\u00edbrio emocional e mental<br>\n\u2728 Sente que est\u00e1 \u201cdesalinhado\u201d ou desconectado<br>\n\u2728 Tem dificuldade em lidar com emo\u00e7\u00f5es intensas<br>\n\u2728 Vive conflitos internos ou externos recorrentes<br>\n\u2728 Quer desenvolver mais consci\u00eancia sobre si e sua vida<br>\n\u2728 Busca crescimento pessoal e autoconhecimento<br>\n\u2728 Sente que precisa de uma pausa e um cuidado mais profundo<br>\n\u2728 Deseja compreender melhor seus sentimentos<br>\n\u2728 Est\u00e1 em processo de mudan\u00e7a ou recome\u00e7o<br>\n\u2728 Sente necessidade de reorganizar a vida<br>\n\u2728 Quer fortalecer sua presen\u00e7a e estabilidade emocional<br>\n\u2728 Tem dificuldade em se ouvir ou se perceber<br>\n\u2728 Sente que carrega emo\u00e7\u00f5es acumuladas<br>\n\u2728 Busca um suporte complementar ao seu processo terap\u00eautico<br>\n\u2728 Deseja ampliar sua percep\u00e7\u00e3o energ\u00e9tica e sensibilidade<br>\n\u2728 Quer desenvolver mais equil\u00edbrio entre mente, emo\u00e7\u00e3o e a\u00e7\u00e3o<br>\n\u2728 Sente que precisa de um direcionamento interno<br>\n\u2728 Busca um caminho mais consciente e alinhado com sua ess\u00eancia<br>\n<\/p>\r\n\t\t    \t\t        <\/div>\r\n\r\n\t    \t\t\t<\/div>\n\t\t\t\t<\/div>\n\t\t\t\t<div class=\"elementor-element elementor-element-aea999a elementor-widget elementor-widget-video\" data-id=\"aea999a\" data-element_type=\"widget\" data-settings=\"{&quot;youtube_url&quot;:&quot;https:\\\/\\\/youtu.be\\\/o1Sj7WHowjw&quot;,&quot;video_type&quot;:&quot;youtube&quot;,&quot;controls&quot;:&quot;yes&quot;}\" data-widget_type=\"video.default\">\n\t\t\t\t<div class=\"elementor-widget-container\">\n\t\t\t\t\t<div class=\"elementor-wrapper elementor-open-inline\">\n\t\t\t<div class=\"elementor-video\"><\/div>\t\t<\/div>\n\t\t\t\t<\/div>\n\t\t\t\t<\/div>\n\t\t\t\t<div class=\"elementor-element elementor-element-2af737a elementor-widget elementor-widget-heading\" data-id=\"2af737a\" data-element_type=\"widget\" data-widget_type=\"heading.default\">\n\t\t\t\t<div class=\"elementor-widget-container\">\n\t\t\t<h2 class=\"elementor-heading-title elementor-size-default\">Importante!<\/h2>\t\t<\/div>\n\t\t\t\t<\/div>\n\t\t\t\t<div class=\"elementor-element elementor-element-38b7d30 elementor-widget elementor-widget-section-head\" data-id=\"38b7d30\" data-element_type=\"widget\" data-widget_type=\"section-head.default\">\n\t\t\t\t<div class=\"elementor-widget-container\">\n\t\t\t\t        <div class=\"section-title t-section-title t-features-title text-center \" style=\"background-image: url();\">\r\n\t            \t\t    \t<p >O Healing Access n\u00e3o substitui tratamentos m\u00e9dicos ou psicol\u00f3gicos, mas atua como uma pr\u00e1tica complementar de cuidado e desenvolvimento pessoal.\n<\/p>\r\n\t\t    \t\t        <\/div>\r\n\r\n\t    \t\t\t<\/div>\n\t\t\t\t<\/div>\n\t\t\t\t\t<\/div>\n\t\t<\/div>\n\t\t\t\t\t<\/div>\n\t\t<\/section>\n\t\t\t\t<section class=\"elementor-section elementor-top-section elementor-element elementor-element-2d119b2 elementor-section-boxed elementor-section-height-default elementor-section-height-default\" data-id=\"2d119b2\" data-element_type=\"section\" data-settings=\"{&quot;background_background&quot;:&quot;classic&quot;}\">\n\t\t\t\t\t\t<div class=\"elementor-container elementor-column-gap-default\">\n\t\t\t\t\t<div class=\"elementor-column elementor-col-100 elementor-top-column elementor-element elementor-element-742db0d\" data-id=\"742db0d\" data-element_type=\"column\">\n\t\t\t<div class=\"elementor-widget-wrap elementor-element-populated\">\n\t\t\t\t\t\t<div class=\"elementor-element elementor-element-02b1e31 elementor-widget elementor-widget-text-editor\" data-id=\"02b1e31\" data-element_type=\"widget\" data-widget_type=\"text-editor.default\">\n\t\t\t\t<div class=\"elementor-widget-container\">\n\t\t\t\t\t\t\t<p>\u00a0<\/p><p><strong>Instituto Sananda &#8211; Terapias Integrativas<br \/>Associa\u00e7\u00e3o sem fins lucrativos<\/strong><br \/>Email: <strong>institutosananda@gmail.com<\/strong><\/p>\t\t\t\t\t\t<\/div>\n\t\t\t\t<\/div>\n\t\t\t\t\t<\/div>\n\t\t<\/div>\n\t\t\t\t\t<\/div>\n\t\t<\/section>\n\t\t\t\t<\/div>\n\t\t","protected":false},"excerpt":{"rendered":"<p>A partir de maio de 2026, nossos atendimentos ser\u00e3o realizados exclusivamente no formato on-line. Favor aguarde a libera\u00e7\u00e3o do sistema de agendamento. Terapia Healing Access Atendimento online ao vivo, com hora marcada, por videochamada com o terapeuta. Gratuito! Uma terapia integrativa que atua no campo energ\u00e9tico, emocional e de consci\u00eancia, auxiliando no seu processo de [&hellip;]<\/p>\n","protected":false},"author":1,"featured_media":0,"parent":0,"menu_order":0,"comment_status":"closed","ping_status":"closed","template":"elementor_header_footer","meta":{"footnotes":""},"class_list":["post-14810","page","type-page","status-publish","hentry"],"_links":{"self":[{"href":"https:\/\/www.institutosananda.org\/index.php\/wp-json\/wp\/v2\/pages\/14810","targetHints":{"allow":["GET"]}}],"collection":[{"href":"https:\/\/www.institutosananda.org\/index.php\/wp-json\/wp\/v2\/pages"}],"about":[{"href":"https:\/\/www.institutosananda.org\/index.php\/wp-json\/wp\/v2\/types\/page"}],"author":[{"embeddable":true,"href":"https:\/\/www.institutosananda.org\/index.php\/wp-json\/wp\/v2\/users\/1"}],"replies":[{"embeddable":true,"href":"https:\/\/www.institutosananda.org\/index.php\/wp-json\/wp\/v2\/comments?post=14810"}],"version-history":[{"count":22,"href":"https:\/\/www.institutosananda.org\/index.php\/wp-json\/wp\/v2\/pages\/14810\/revisions"}],"predecessor-version":[{"id":15247,"href":"https:\/\/www.institutosananda.org\/index.php\/wp-json\/wp\/v2\/pages\/14810\/revisions\/15247"}],"wp:attachment":[{"href":"https:\/\/www.institutosananda.org\/index.php\/wp-json\/wp\/v2\/media?parent=14810"}],"curies":[{"name":"wp","href":"https:\/\/api.w.org\/{rel}","templated":true}]}}